{"id":995,"date":"2017-03-08T21:22:42","date_gmt":"2017-03-08T19:22:42","guid":{"rendered":"https:\/\/www.saxsim.ee\/swp\/toode\/sensido-cream-color-ideal-golden-red-1034\/"},"modified":"2025-07-04T08:28:49","modified_gmt":"2025-07-04T05:28:49","slug":"10-34-sensido-3-in-one-cream-color-juuksevarv-professionaalidele","status":"publish","type":"product","link":"https:\/\/saxsim.ee\/swp\/product\/10-34-sensido-3-in-one-cream-color-juuksevarv-professionaalidele\/","title":{"rendered":"10\/34 SensiDO 3 In One Cream Color \u2013 juuksev\u00e4rv professionaalidele"},"content":{"rendered":"<p><b>10\/34 Lightest Golden Red Brown<\/b><\/p>\n<p>L\u00f5hnastamata SensiDO 3 In One Cream Color p\u00fcsiv\u00e4rviga v\u00e4rvides, saavutate <span class=\"VIiyi\" lang=\"et\"><span class=\"JLqJ4b\">suurep\u00e4rase, l\u00e4ikiva ja kauakestva intensiivse v\u00e4rvitooni. V\u00e4rvi on v\u00f5imalik kasutada p\u00fcsi-, kerg- ja toonimisv\u00e4rvina, muutes vaid vesiniku tugevust ja kogust.\u00a0<span class=\"JLqJ4b ChMk0b\">SensiDO 3 In 1 Cream Color v\u00e4rvisarjal on lai ja mitmek\u00fclgne valik, mis sisaldab \u00fcle 120 tooni ning v\u00f5imaldab saavutada kuni 100% hallide juuste katvuse.<\/span><\/span><\/span><\/p>\n<p><span class=\"VIiyi\" lang=\"et\"><span class=\"JLqJ4b ChMk0b\">V\u00e4rv sisaldab taimse valgu baasil toimeainet, mis tugevdab juukseid seest ja v\u00e4ljast, samuti v\u00e4rvitugevdajat, mis aeglustab v\u00e4rvi keemilist reaktsiooni segamisfaasis, v\u00f5imaldades v\u00e4rvimolekulidel siseneda juukse struktuuri ja v\u00e4rvi toime \u00f5iges kohas.<\/span>\u00a0<span class=\"JLqJ4b\">Parandab oluliselt v\u00e4rvi kestvust ja intensiivsust, lisab l\u00e4iget ja kaitseb juukseid.<\/span><\/span><\/p>\n<ul>\n<li><span class=\"VIiyi\" lang=\"et\"><span class=\"JLqJ4b\">p\u00fcsi-, kerg- ja toonimisv\u00e4rv<\/span><\/span><\/li>\n<li><span class=\"VIiyi\" lang=\"et\"><span class=\"JLqJ4b\"><span class=\"JLqJ4b ChMk0b\">lai ja mitmek\u00fclgne v\u00e4rvivalik ( \u00fcle 120 tooni )<br \/>\n<\/span><\/span><\/span><\/li>\n<li>kuni 100% hallikatvust<\/li>\n<li><span class=\"VIiyi\" lang=\"et\"><span class=\"JLqJ4b ChMk0b\">sisaldab taimse valgu baasil toimeainet, mis tugevdab juukseid seest ja v\u00e4ljast<\/span><\/span><\/li>\n<li>sisaldab ammoniaaki<\/li>\n<li>l\u00f5hnastamata ja vegan<\/li>\n<li>ainult professionaalseks kasutamiseks<\/li>\n<li>pakendi suurus 60 ml<\/li>\n<\/ul>\n<p>&nbsp;<\/p>\n<p>&nbsp;<\/p>\n","protected":false},"excerpt":{"rendered":"<p>10\/34 Lightest Golden Red Brown L\u00f5hnastamata SensiDO 3 In One Cream Color p\u00fcsiv\u00e4rviga v\u00e4rvides, saavutate suurep\u00e4rase, l\u00e4ikiva ja kauakestva intensiivse v\u00e4rvitooni. V\u00e4rvi on v\u00f5imalik kasutada p\u00fcsi-, kerg- ja toonimisv\u00e4rvina, muutes vaid vesiniku tugevust ja kogust.\u00a0SensiDO 3 In 1 Cream Color v\u00e4rvisarjal on lai ja mitmek\u00fclgne valik, mis sisaldab \u00fcle 120 tooni ning v\u00f5imaldab saavutada kuni [&hellip;]<\/p>\n","protected":false},"featured_media":9406,"comment_status":"closed","ping_status":"closed","template":"","meta":[],"product_cat":[395,666,95,390],"product_tag":[637],"class_list":{"0":"post-995","1":"product","2":"type-product","3":"status-publish","4":"has-post-thumbnail","6":"product_cat-juuksed","7":"product_cat-professionaalseks-kasutamiseks","8":"product_cat-sensido-juuksevarvid","9":"product_cat-sensido-cream-color-3-in-1","10":"product_tag-profitoode","12":"first","13":"instock","14":"taxable","15":"shipping-taxable","16":"purchasable","17":"product-type-simple"},"_links":{"self":[{"href":"https:\/\/saxsim.ee\/swp\/wp-json\/wp\/v2\/product\/995"}],"collection":[{"href":"https:\/\/saxsim.ee\/swp\/wp-json\/wp\/v2\/product"}],"about":[{"href":"https:\/\/saxsim.ee\/swp\/wp-json\/wp\/v2\/types\/product"}],"replies":[{"embeddable":true,"href":"https:\/\/saxsim.ee\/swp\/wp-json\/wp\/v2\/comments?post=995"}],"wp:featuredmedia":[{"embeddable":true,"href":"https:\/\/saxsim.ee\/swp\/wp-json\/wp\/v2\/media\/9406"}],"wp:attachment":[{"href":"https:\/\/saxsim.ee\/swp\/wp-json\/wp\/v2\/media?parent=995"}],"wp:term":[{"taxonomy":"product_cat","embeddable":true,"href":"https:\/\/saxsim.ee\/swp\/wp-json\/wp\/v2\/product_cat?post=995"},{"taxonomy":"product_tag","embeddable":true,"href":"https:\/\/saxsim.ee\/swp\/wp-json\/wp\/v2\/product_tag?post=995"}],"curies":[{"name":"wp","href":"https:\/\/api.w.org\/{rel}","templated":true}]}}