{"id":9947,"date":"2022-02-14T10:29:26","date_gmt":"2022-02-14T08:29:26","guid":{"rendered":"https:\/\/www.saxsim.ee\/?post_type=product&#038;p=9947"},"modified":"2025-10-22T12:04:24","modified_gmt":"2025-10-22T09:04:24","slug":"silicone-hairband-black-50-tk-labipaistvad-juuksekummid","status":"publish","type":"product","link":"https:\/\/saxsim.ee\/swp\/product\/silicone-hairband-black-50-tk-labipaistvad-juuksekummid\/","title":{"rendered":"Silicone Hairband, black 50 tk. &#8211; mustad juuksekummid"},"content":{"rendered":"<p>Mustad, silikoonist\u00a0peenikesed\u00a0juuksekummid.<\/p>\n<p>L\u00e4bim\u00f5\u00f5t &#8211; u. 10 mm.<\/p>\n<p>Pakis &#8211; 50 tk.<\/p>\n<p>&nbsp;<\/p>\n<p>&nbsp;<\/p>\n","protected":false},"excerpt":{"rendered":"<p>Mustad, silikoonist\u00a0peenikesed\u00a0juuksekummid. L\u00e4bim\u00f5\u00f5t &#8211; u. 10 mm. Pakis &#8211; 50 tk. &nbsp; &nbsp;<\/p>\n","protected":false},"featured_media":9948,"comment_status":"closed","ping_status":"closed","template":"","meta":[],"product_cat":[401,302,175],"product_tag":[],"class_list":{"0":"post-9947","1":"product","2":"type-product","3":"status-publish","4":"has-post-thumbnail","6":"product_cat-juuksuri-tarvikud","7":"product_cat-juuksekummid","8":"product_cat-soenguvahendid","10":"first","11":"instock","12":"taxable","13":"shipping-taxable","14":"purchasable","15":"product-type-simple"},"_links":{"self":[{"href":"https:\/\/saxsim.ee\/swp\/wp-json\/wp\/v2\/product\/9947"}],"collection":[{"href":"https:\/\/saxsim.ee\/swp\/wp-json\/wp\/v2\/product"}],"about":[{"href":"https:\/\/saxsim.ee\/swp\/wp-json\/wp\/v2\/types\/product"}],"replies":[{"embeddable":true,"href":"https:\/\/saxsim.ee\/swp\/wp-json\/wp\/v2\/comments?post=9947"}],"wp:featuredmedia":[{"embeddable":true,"href":"https:\/\/saxsim.ee\/swp\/wp-json\/wp\/v2\/media\/9948"}],"wp:attachment":[{"href":"https:\/\/saxsim.ee\/swp\/wp-json\/wp\/v2\/media?parent=9947"}],"wp:term":[{"taxonomy":"product_cat","embeddable":true,"href":"https:\/\/saxsim.ee\/swp\/wp-json\/wp\/v2\/product_cat?post=9947"},{"taxonomy":"product_tag","embeddable":true,"href":"https:\/\/saxsim.ee\/swp\/wp-json\/wp\/v2\/product_tag?post=9947"}],"curies":[{"name":"wp","href":"https:\/\/api.w.org\/{rel}","templated":true}]}}