{"id":9945,"date":"2022-02-14T10:22:59","date_gmt":"2022-02-14T08:22:59","guid":{"rendered":"https:\/\/www.saxsim.ee\/?post_type=product&#038;p=9945"},"modified":"2025-10-22T12:03:52","modified_gmt":"2025-10-22T09:03:52","slug":"silicone-hairband-50-tk-labipaistvad-juuksekummid","status":"publish","type":"product","link":"https:\/\/saxsim.ee\/swp\/product\/silicone-hairband-50-tk-labipaistvad-juuksekummid\/","title":{"rendered":"Silicone Hairband, clear 50 tk. &#8211; l\u00e4bipaistvad juuksekummid"},"content":{"rendered":"<p>L\u00e4bipaistvad, silikoonist\u00a0peenikesed\u00a0juuksekummid.<\/p>\n<p>L\u00e4bim\u00f5\u00f5t &#8211; u. 10 mm.<\/p>\n<p>Pakis &#8211; 50 tk.<\/p>\n<p>&nbsp;<\/p>\n<p>&nbsp;<\/p>\n","protected":false},"excerpt":{"rendered":"<p>L\u00e4bipaistvad, silikoonist\u00a0peenikesed\u00a0juuksekummid. L\u00e4bim\u00f5\u00f5t &#8211; u. 10 mm. Pakis &#8211; 50 tk. &nbsp; &nbsp;<\/p>\n","protected":false},"featured_media":9946,"comment_status":"closed","ping_status":"closed","template":"","meta":[],"product_cat":[401,302,175],"product_tag":[],"class_list":{"0":"post-9945","1":"product","2":"type-product","3":"status-publish","4":"has-post-thumbnail","6":"product_cat-juuksuri-tarvikud","7":"product_cat-juuksekummid","8":"product_cat-soenguvahendid","10":"first","11":"instock","12":"taxable","13":"shipping-taxable","14":"purchasable","15":"product-type-simple"},"_links":{"self":[{"href":"https:\/\/saxsim.ee\/swp\/wp-json\/wp\/v2\/product\/9945"}],"collection":[{"href":"https:\/\/saxsim.ee\/swp\/wp-json\/wp\/v2\/product"}],"about":[{"href":"https:\/\/saxsim.ee\/swp\/wp-json\/wp\/v2\/types\/product"}],"replies":[{"embeddable":true,"href":"https:\/\/saxsim.ee\/swp\/wp-json\/wp\/v2\/comments?post=9945"}],"wp:featuredmedia":[{"embeddable":true,"href":"https:\/\/saxsim.ee\/swp\/wp-json\/wp\/v2\/media\/9946"}],"wp:attachment":[{"href":"https:\/\/saxsim.ee\/swp\/wp-json\/wp\/v2\/media?parent=9945"}],"wp:term":[{"taxonomy":"product_cat","embeddable":true,"href":"https:\/\/saxsim.ee\/swp\/wp-json\/wp\/v2\/product_cat?post=9945"},{"taxonomy":"product_tag","embeddable":true,"href":"https:\/\/saxsim.ee\/swp\/wp-json\/wp\/v2\/product_tag?post=9945"}],"curies":[{"name":"wp","href":"https:\/\/api.w.org\/{rel}","templated":true}]}}