{"id":9940,"date":"2022-02-14T10:05:35","date_gmt":"2022-02-14T08:05:35","guid":{"rendered":"https:\/\/www.saxsim.ee\/?post_type=product&#038;p=9940"},"modified":"2026-01-06T09:45:48","modified_gmt":"2026-01-06T07:45:48","slug":"rose-brush-detangler-juuksehari","status":"publish","type":"product","link":"https:\/\/saxsim.ee\/swp\/product\/rose-brush-detangler-juuksehari\/","title":{"rendered":"Ros\u00e9 Brush Detangler &#8211; juuksehari"},"content":{"rendered":"<p>\u00dcmarate otstega, pehmete nailonpiidega, lapik, neljakandiline juuste lahtikammimise hari.<\/p>\n<p><span class=\"VIiyi\" lang=\"et\"><span class=\"JLqJ4b ChMk0b\">Libiseb kergesti l\u00e4bi m\u00e4rgade v\u00f5i kuivade juuste.<\/span> <\/span><\/p>\n<p><span class=\"VIiyi\" lang=\"et\"><span class=\"JLqJ4b ChMk0b\">Ei mingit takerdumist ega juuste sikutamist.<\/span><\/span><\/p>\n<p>&nbsp;<\/p>\n","protected":false},"excerpt":{"rendered":"<p>\u00dcmarate otstega, pehmete nailonpiidega, lapik, neljakandiline juuste lahtikammimise hari. Libiseb kergesti l\u00e4bi m\u00e4rgade v\u00f5i kuivade juuste. Ei mingit takerdumist ega juuste sikutamist. &nbsp;<\/p>\n","protected":false},"featured_media":9941,"comment_status":"closed","ping_status":"closed","template":"","meta":[],"product_cat":[401,172,397],"product_tag":[],"class_list":{"0":"post-9940","1":"product","2":"type-product","3":"status-publish","4":"has-post-thumbnail","6":"product_cat-juuksuri-tarvikud","7":"product_cat-juukseharjad","8":"product_cat-lapikud-juukseharjad","10":"first","11":"instock","12":"taxable","13":"shipping-taxable","14":"purchasable","15":"product-type-simple"},"_links":{"self":[{"href":"https:\/\/saxsim.ee\/swp\/wp-json\/wp\/v2\/product\/9940"}],"collection":[{"href":"https:\/\/saxsim.ee\/swp\/wp-json\/wp\/v2\/product"}],"about":[{"href":"https:\/\/saxsim.ee\/swp\/wp-json\/wp\/v2\/types\/product"}],"replies":[{"embeddable":true,"href":"https:\/\/saxsim.ee\/swp\/wp-json\/wp\/v2\/comments?post=9940"}],"wp:featuredmedia":[{"embeddable":true,"href":"https:\/\/saxsim.ee\/swp\/wp-json\/wp\/v2\/media\/9941"}],"wp:attachment":[{"href":"https:\/\/saxsim.ee\/swp\/wp-json\/wp\/v2\/media?parent=9940"}],"wp:term":[{"taxonomy":"product_cat","embeddable":true,"href":"https:\/\/saxsim.ee\/swp\/wp-json\/wp\/v2\/product_cat?post=9940"},{"taxonomy":"product_tag","embeddable":true,"href":"https:\/\/saxsim.ee\/swp\/wp-json\/wp\/v2\/product_tag?post=9940"}],"curies":[{"name":"wp","href":"https:\/\/api.w.org\/{rel}","templated":true}]}}