{"id":9934,"date":"2022-02-14T09:20:37","date_gmt":"2022-02-14T07:20:37","guid":{"rendered":"https:\/\/www.saxsim.ee\/?post_type=product&#038;p=9934"},"modified":"2025-10-03T11:02:04","modified_gmt":"2025-10-03T08:02:04","slug":"hairpearl-protecting-papers-waxed-silmakaitsepaberid-100-tk","status":"publish","type":"product","link":"https:\/\/saxsim.ee\/swp\/product\/hairpearl-protecting-papers-waxed-silmakaitsepaberid-100-tk\/","title":{"rendered":"Hairpearl Protecting Papers, waxed &#8211; silmakaitsepaberid, 100 tk."},"content":{"rendered":"<p>Vahatatud kaitsepaberid.<\/p>\n<p>Sil\u00adma\u00adkait\u00adse\u00adpa\u00adbe\u00adrid kait\u00adse\u00advad sil\u00adma\u00adalu\u00adseid kul\u00admu\u00adv\u00e4r\u00advi\u00adga m\u00e4\u00e4r\u00addu\u00admi\u00adse eest.<\/p>\n<p><strong>Kasutamine:<\/strong>\u00a0<span class=\"VIiyi\" lang=\"et\"><span class=\"JLqJ4b ChMk0b\">Kandke paar tilka Hairpearl Relaxing Eye Cream silma\u00fcmbruskreemi ( ilma vett lisamata ) kaitsepaberite vahaga katmata alumisele k\u00fcljele ja paluge kliendil vaadata \u00fclespoole.<\/span> Asetage kaitsepaberid <span class=\"JLqJ4b ChMk0b\">\u00f5rnalt alumiste ripsmete alla otse kliendi silmalaugude serva \u00e4\u00e4rde.<\/span> <span class=\"JLqJ4b ChMk0b\">P\u00e4rast v\u00e4rvimist eemaldage kasutatud kaitsepaberid.<\/span><\/span><\/p>\n<p>&nbsp;<\/p>\n","protected":false},"excerpt":{"rendered":"<p>Vahatatud kaitsepaberid. Sil\u00adma\u00adkait\u00adse\u00adpa\u00adbe\u00adrid kait\u00adse\u00advad sil\u00adma\u00adalu\u00adseid kul\u00admu\u00adv\u00e4r\u00advi\u00adga m\u00e4\u00e4r\u00addu\u00admi\u00adse eest. Kasutamine:\u00a0Kandke paar tilka Hairpearl Relaxing Eye Cream silma\u00fcmbruskreemi ( ilma vett lisamata ) kaitsepaberite vahaga katmata alumisele k\u00fcljele ja paluge kliendil vaadata \u00fclespoole. Asetage kaitsepaberid \u00f5rnalt alumiste ripsmete alla otse kliendi silmalaugude serva \u00e4\u00e4rde. P\u00e4rast v\u00e4rvimist eemaldage kasutatud kaitsepaberid. &nbsp;<\/p>\n","protected":false},"featured_media":9935,"comment_status":"closed","ping_status":"closed","template":"","meta":[],"product_cat":[799,97,697,800],"product_tag":[],"class_list":{"0":"post-9934","1":"product","2":"type-product","3":"status-publish","4":"has-post-thumbnail","6":"product_cat-hairpearl","7":"product_cat-nagu-ja-keha","8":"product_cat-ripsmed","9":"product_cat-hairpearl-ripsmed","11":"first","12":"instock","13":"taxable","14":"shipping-taxable","15":"purchasable","16":"product-type-simple"},"_links":{"self":[{"href":"https:\/\/saxsim.ee\/swp\/wp-json\/wp\/v2\/product\/9934"}],"collection":[{"href":"https:\/\/saxsim.ee\/swp\/wp-json\/wp\/v2\/product"}],"about":[{"href":"https:\/\/saxsim.ee\/swp\/wp-json\/wp\/v2\/types\/product"}],"replies":[{"embeddable":true,"href":"https:\/\/saxsim.ee\/swp\/wp-json\/wp\/v2\/comments?post=9934"}],"wp:featuredmedia":[{"embeddable":true,"href":"https:\/\/saxsim.ee\/swp\/wp-json\/wp\/v2\/media\/9935"}],"wp:attachment":[{"href":"https:\/\/saxsim.ee\/swp\/wp-json\/wp\/v2\/media?parent=9934"}],"wp:term":[{"taxonomy":"product_cat","embeddable":true,"href":"https:\/\/saxsim.ee\/swp\/wp-json\/wp\/v2\/product_cat?post=9934"},{"taxonomy":"product_tag","embeddable":true,"href":"https:\/\/saxsim.ee\/swp\/wp-json\/wp\/v2\/product_tag?post=9934"}],"curies":[{"name":"wp","href":"https:\/\/api.w.org\/{rel}","templated":true}]}}