{"id":9932,"date":"2022-02-14T09:11:42","date_gmt":"2022-02-14T07:11:42","guid":{"rendered":"https:\/\/www.saxsim.ee\/?post_type=product&#038;p=9932"},"modified":"2025-10-03T11:03:42","modified_gmt":"2025-10-03T08:03:42","slug":"hairpearl-tint-remover-90-ml-varviplekieemaldaja","status":"publish","type":"product","link":"https:\/\/saxsim.ee\/swp\/product\/hairpearl-tint-remover-90-ml-varviplekieemaldaja\/","title":{"rendered":"Hairpearl Tint Remover 90 ml &#8211; v\u00e4rviplekieemaldaja"},"content":{"rendered":"<p>Peale ripsmete v\u00f5i kulmude v\u00e4rvimist eemaldab nahalt kiirelt ja \u00f5rnatoimeliselt k\u00f5ik v\u00e4rvij\u00e4\u00e4gid.<\/p>\n<p><strong>Kasutamine:<\/strong> Niisuta vatitups ainega ja eemalda v\u00e4rvij\u00e4\u00e4gid nahalt.<\/p>\n<p>&nbsp;<\/p>\n","protected":false},"excerpt":{"rendered":"<p>Peale ripsmete v\u00f5i kulmude v\u00e4rvimist eemaldab nahalt kiirelt ja \u00f5rnatoimeliselt k\u00f5ik v\u00e4rvij\u00e4\u00e4gid. Kasutamine: Niisuta vatitups ainega ja eemalda v\u00e4rvij\u00e4\u00e4gid nahalt. &nbsp;<\/p>\n","protected":false},"featured_media":9933,"comment_status":"closed","ping_status":"closed","template":"","meta":[],"product_cat":[799,97,697,800],"product_tag":[],"class_list":{"0":"post-9932","1":"product","2":"type-product","3":"status-publish","4":"has-post-thumbnail","6":"product_cat-hairpearl","7":"product_cat-nagu-ja-keha","8":"product_cat-ripsmed","9":"product_cat-hairpearl-ripsmed","11":"first","12":"instock","13":"taxable","14":"shipping-taxable","15":"purchasable","16":"product-type-simple"},"_links":{"self":[{"href":"https:\/\/saxsim.ee\/swp\/wp-json\/wp\/v2\/product\/9932"}],"collection":[{"href":"https:\/\/saxsim.ee\/swp\/wp-json\/wp\/v2\/product"}],"about":[{"href":"https:\/\/saxsim.ee\/swp\/wp-json\/wp\/v2\/types\/product"}],"replies":[{"embeddable":true,"href":"https:\/\/saxsim.ee\/swp\/wp-json\/wp\/v2\/comments?post=9932"}],"wp:featuredmedia":[{"embeddable":true,"href":"https:\/\/saxsim.ee\/swp\/wp-json\/wp\/v2\/media\/9933"}],"wp:attachment":[{"href":"https:\/\/saxsim.ee\/swp\/wp-json\/wp\/v2\/media?parent=9932"}],"wp:term":[{"taxonomy":"product_cat","embeddable":true,"href":"https:\/\/saxsim.ee\/swp\/wp-json\/wp\/v2\/product_cat?post=9932"},{"taxonomy":"product_tag","embeddable":true,"href":"https:\/\/saxsim.ee\/swp\/wp-json\/wp\/v2\/product_tag?post=9932"}],"curies":[{"name":"wp","href":"https:\/\/api.w.org\/{rel}","templated":true}]}}