{"id":9913,"date":"2022-02-13T09:50:43","date_gmt":"2022-02-13T07:50:43","guid":{"rendered":"https:\/\/www.saxsim.ee\/?post_type=product&#038;p=9913"},"modified":"2025-10-03T10:55:28","modified_gmt":"2025-10-03T07:55:28","slug":"hairpearl-no-5-natural-20-ml-naturaalne-pruun-ripsme-ja-kulmuvarv","status":"publish","type":"product","link":"https:\/\/saxsim.ee\/swp\/product\/hairpearl-no-5-natural-20-ml-naturaalne-pruun-ripsme-ja-kulmuvarv\/","title":{"rendered":"Hairpearl No 5 Natural 20 ml &#8211; NATURAALNE PRUUN ripsme- ja kulmuv\u00e4rv"},"content":{"rendered":"<p>Hairpearl No 5 on naturaalne <span class=\"VIiyi\" lang=\"et\"><span class=\"JLqJ4b ChMk0b\">pruun<\/span><\/span> ripsme- ja kulmuv\u00e4rv, mis sobib <span class=\"VIiyi\" lang=\"et\"><span class=\"JLqJ4b ChMk0b\">k\u00f5ikidele br\u00fcnettidele.<\/span><\/span><br \/>\nTootesarjas 9 erinevat tooni, mida v\u00f5ib omavahel segada.<br \/>\nHairpearl ripsme- ja kulmuv\u00e4rv p\u00fcsib peal kuni 8 n\u00e4dalat.<\/p>\n<p><strong>Kasutamine:<\/strong><\/p>\n<ul>\n<li>eemalda kontaktl\u00e4\u00e4tsed ja puhasta silmapiirkond<\/li>\n<li>sega soovitud Hairpearl v\u00e4rv ja vesinik segamissuhtega 1+1 ( nt. 10 ml v\u00e4rvi + 10 ml vesinikku )<\/li>\n<li>kanna v\u00e4rvimass ripsmetele v\u00f5i kulmudele<\/li>\n<li>m\u00f5juaeg: kulmudel 3-5 min., ripsmetel 10 min.<\/li>\n<li>m\u00f5juaja l\u00f5ppedes, eemalda vatitupsu ja vee abil<\/li>\n<\/ul>\n<p><span class=\"VIiyi\" lang=\"et\"><strong><span class=\"JLqJ4b ChMk0b\">Hea teada:<\/span><\/strong> <span class=\"JLqJ4b ChMk0b\">mida pikem on m\u00f5juaeg, seda intensiivsem on tulemus<\/span><\/span><\/p>\n<p><strong><span class=\"VIiyi\" lang=\"et\"><span class=\"JLqJ4b ChMk0b\">Ainult professionaalseks kasutamiseks.<\/span><\/span> <\/strong><\/p>\n<p>Toode v\u00f5ib p\u00f5hjustada t\u00f5siseid allergilisi reaktsioone. Lugege ja j\u00e4rgige j\u00e4rgmiseid juhendeid. Toode ei ole m\u00f5eldud kasutamiseks alla 16-aastastele. &#8220;Musta hennaga&#8221; tehtud ajutised t\u00e4toveeringud v\u00f5ivad suurendada allergia tekkimise ohtu. Ripsmeid ei tohiks toonida , kui kliendil on &#8211; n\u00e4ol l\u00f6\u00f6ve v\u00f5i peanahk on hell, \u00e4rritunud v\u00f5i kahjustatud; &#8211; p\u00e4rast juuste, kulmude v\u00f5i ripsmete v\u00e4rvimist on kunagi tekkinud reaktsioon; &#8211; v\u00f5i p\u00e4rast &#8220;musta hennaga&#8221; ajutise t\u00e4toveeringu tegemist on kunagi tekkinud reaktsioon. Silma sattumisel loputage koheselt veega ja vajadusel p\u00f6\u00f6rduge arsti poole. <span class=\"VIiyi\" lang=\"et\"><span class=\"JLqJ4b ChMk0b\">Ainult professionaalseks kasutamiseks. Enne kasutamist peate teadma, kas peate j\u00e4rgima piirkondlikke seadusi ja kas enne nahale kandmist tuleb teha naha tundlikuse test. Nagu pakendil m\u00e4rgitud, sisaldavad m\u00f5ned v\u00e4rvainetest fen\u00fc\u00fcleendiamiini, 1,3-benseendiooli ja\/v\u00f5i Tolueen-2,5-diamiinsulfaati.<\/span><\/span><\/p>\n","protected":false},"excerpt":{"rendered":"<p>Hairpearl No 5 on naturaalne pruun ripsme- ja kulmuv\u00e4rv, mis sobib k\u00f5ikidele br\u00fcnettidele. Tootesarjas 9 erinevat tooni, mida v\u00f5ib omavahel segada. Hairpearl ripsme- ja kulmuv\u00e4rv p\u00fcsib peal kuni 8 n\u00e4dalat. Kasutamine: eemalda kontaktl\u00e4\u00e4tsed ja puhasta silmapiirkond sega soovitud Hairpearl v\u00e4rv ja vesinik segamissuhtega 1+1 ( nt. 10 ml v\u00e4rvi + 10 ml vesinikku ) kanna [&hellip;]<\/p>\n","protected":false},"featured_media":10145,"comment_status":"closed","ping_status":"closed","template":"","meta":[],"product_cat":[799,97,697,800],"product_tag":[637],"class_list":{"0":"post-9913","1":"product","2":"type-product","3":"status-publish","4":"has-post-thumbnail","6":"product_cat-hairpearl","7":"product_cat-nagu-ja-keha","8":"product_cat-ripsmed","9":"product_cat-hairpearl-ripsmed","10":"product_tag-profitoode","12":"first","13":"instock","14":"taxable","15":"shipping-taxable","16":"purchasable","17":"product-type-simple"},"_links":{"self":[{"href":"https:\/\/saxsim.ee\/swp\/wp-json\/wp\/v2\/product\/9913"}],"collection":[{"href":"https:\/\/saxsim.ee\/swp\/wp-json\/wp\/v2\/product"}],"about":[{"href":"https:\/\/saxsim.ee\/swp\/wp-json\/wp\/v2\/types\/product"}],"replies":[{"embeddable":true,"href":"https:\/\/saxsim.ee\/swp\/wp-json\/wp\/v2\/comments?post=9913"}],"wp:featuredmedia":[{"embeddable":true,"href":"https:\/\/saxsim.ee\/swp\/wp-json\/wp\/v2\/media\/10145"}],"wp:attachment":[{"href":"https:\/\/saxsim.ee\/swp\/wp-json\/wp\/v2\/media?parent=9913"}],"wp:term":[{"taxonomy":"product_cat","embeddable":true,"href":"https:\/\/saxsim.ee\/swp\/wp-json\/wp\/v2\/product_cat?post=9913"},{"taxonomy":"product_tag","embeddable":true,"href":"https:\/\/saxsim.ee\/swp\/wp-json\/wp\/v2\/product_tag?post=9913"}],"curies":[{"name":"wp","href":"https:\/\/api.w.org\/{rel}","templated":true}]}}