{"id":9896,"date":"2022-02-14T11:46:29","date_gmt":"2022-02-14T09:46:29","guid":{"rendered":"https:\/\/www.saxsim.ee\/?post_type=product&#038;p=9896"},"modified":"2024-03-16T10:38:37","modified_gmt":"2024-03-16T08:38:37","slug":"cutting-cape-paisley-loikuslina","status":"publish","type":"product","link":"https:\/\/saxsim.ee\/swp\/product\/cutting-cape-paisley-loikuslina\/","title":{"rendered":"Cutting Cape, Paisley &#8211; l\u00f5ikuslina"},"content":{"rendered":"<p>Tumeda mustriga, kerge l\u00f5ikuslina.<\/p>\n<p>Suurus &#8211; 130*150 cm.<\/p>\n<p>Kinnitus &#8211; haakidega, elastne kaelus<\/p>\n<p>Kaeluse max. \u00fcmberm\u00f5\u00f5t \u2013 70 cm.<\/p>\n<p>Materjal &#8211; <span class=\"VIiyi\" lang=\"et\"><span class=\"JLqJ4b ChMk0b\">100%\u00a0 vetth\u00fclgav pol\u00fcester<\/span><\/span><\/p>\n<p>K\u00e4eavadeta<\/p>\n<p><strong>Hooldus:<\/strong><\/p>\n<p>masinpesu madalal temperatuuril<\/p>\n<p>kuivatada soovitavalt n\u00f6\u00f6ril. Trummelkuivatus ainult madalatel p\u00f6\u00f6retel!<\/p>\n<p>pesemisel \u00e4rge kunagi kasutage vedelaid valgendusvahendeid!<\/p>\n","protected":false},"excerpt":{"rendered":"<p>Tumeda mustriga, kerge l\u00f5ikuslina. Suurus &#8211; 130*150 cm. Kinnitus &#8211; haakidega, elastne kaelus Kaeluse max. \u00fcmberm\u00f5\u00f5t \u2013 70 cm. Materjal &#8211; 100%\u00a0 vetth\u00fclgav pol\u00fcester K\u00e4eavadeta Hooldus: masinpesu madalal temperatuuril kuivatada soovitavalt n\u00f6\u00f6ril. Trummelkuivatus ainult madalatel p\u00f6\u00f6retel! pesemisel \u00e4rge kunagi kasutage vedelaid valgendusvahendeid!<\/p>\n","protected":false},"featured_media":9951,"comment_status":"closed","ping_status":"closed","template":"","meta":[],"product_cat":[792,401,296],"product_tag":[],"class_list":{"0":"post-9896","1":"product","2":"type-product","3":"status-publish","4":"has-post-thumbnail","6":"product_cat-uued-tooted","7":"product_cat-juuksuri-tarvikud","8":"product_cat-loikus-ja-varvilinad","10":"first","11":"instock","12":"taxable","13":"shipping-taxable","14":"purchasable","15":"product-type-simple"},"_links":{"self":[{"href":"https:\/\/saxsim.ee\/swp\/wp-json\/wp\/v2\/product\/9896"}],"collection":[{"href":"https:\/\/saxsim.ee\/swp\/wp-json\/wp\/v2\/product"}],"about":[{"href":"https:\/\/saxsim.ee\/swp\/wp-json\/wp\/v2\/types\/product"}],"replies":[{"embeddable":true,"href":"https:\/\/saxsim.ee\/swp\/wp-json\/wp\/v2\/comments?post=9896"}],"wp:featuredmedia":[{"embeddable":true,"href":"https:\/\/saxsim.ee\/swp\/wp-json\/wp\/v2\/media\/9951"}],"wp:attachment":[{"href":"https:\/\/saxsim.ee\/swp\/wp-json\/wp\/v2\/media?parent=9896"}],"wp:term":[{"taxonomy":"product_cat","embeddable":true,"href":"https:\/\/saxsim.ee\/swp\/wp-json\/wp\/v2\/product_cat?post=9896"},{"taxonomy":"product_tag","embeddable":true,"href":"https:\/\/saxsim.ee\/swp\/wp-json\/wp\/v2\/product_tag?post=9896"}],"curies":[{"name":"wp","href":"https:\/\/api.w.org\/{rel}","templated":true}]}}