{"id":9888,"date":"2022-02-12T09:45:49","date_gmt":"2022-02-12T07:45:49","guid":{"rendered":"https:\/\/www.saxsim.ee\/?post_type=product&#038;p=9888"},"modified":"2025-09-16T11:17:00","modified_gmt":"2025-09-16T08:17:00","slug":"trimmercide-oil-100-ml-oli","status":"publish","type":"product","link":"https:\/\/saxsim.ee\/swp\/product\/trimmercide-oil-100-ml-oli\/","title":{"rendered":"Trimmercide Oil 150 ml. &#8211; \u00f5li"},"content":{"rendered":"<p><span class=\"VIiyi\" lang=\"et\"><span class=\"JLqJ4b ChMk0b\">Trimmercide Oil on spetsiaalse koostisega \u00f5li, mis hoiab l\u00f5ikusmasinate terad puhtad ja \u00f5litatud.<\/span><\/span><\/p>\n<p><span class=\"VIiyi\" lang=\"et\"><span class=\"JLqJ4b ChMk0b\">Sobib k\u00f5ikidele juuksel\u00f5ikusmasinatele ja k\u00e4\u00e4ridele.<\/span><\/span><\/p>\n<p>&nbsp;<\/p>\n<p>&nbsp;<\/p>\n","protected":false},"excerpt":{"rendered":"<p>Trimmercide Oil on spetsiaalse koostisega \u00f5li, mis hoiab l\u00f5ikusmasinate terad puhtad ja \u00f5litatud. Sobib k\u00f5ikidele juuksel\u00f5ikusmasinatele ja k\u00e4\u00e4ridele. &nbsp; &nbsp;<\/p>\n","protected":false},"featured_media":9889,"comment_status":"closed","ping_status":"closed","template":"","meta":[],"product_cat":[867,792,401,276,277,286],"product_tag":[],"class_list":{"0":"post-9888","1":"product","2":"type-product","3":"status-publish","4":"has-post-thumbnail","6":"product_cat-trimmercide","7":"product_cat-uued-tooted","8":"product_cat-juuksuri-tarvikud","9":"product_cat-loikuskaarid","10":"product_cat-fileerkaarid","11":"product_cat-loikusmasinad-ja-trimmerid","13":"first","14":"instock","15":"taxable","16":"shipping-taxable","17":"purchasable","18":"product-type-simple"},"_links":{"self":[{"href":"https:\/\/saxsim.ee\/swp\/wp-json\/wp\/v2\/product\/9888"}],"collection":[{"href":"https:\/\/saxsim.ee\/swp\/wp-json\/wp\/v2\/product"}],"about":[{"href":"https:\/\/saxsim.ee\/swp\/wp-json\/wp\/v2\/types\/product"}],"replies":[{"embeddable":true,"href":"https:\/\/saxsim.ee\/swp\/wp-json\/wp\/v2\/comments?post=9888"}],"wp:featuredmedia":[{"embeddable":true,"href":"https:\/\/saxsim.ee\/swp\/wp-json\/wp\/v2\/media\/9889"}],"wp:attachment":[{"href":"https:\/\/saxsim.ee\/swp\/wp-json\/wp\/v2\/media?parent=9888"}],"wp:term":[{"taxonomy":"product_cat","embeddable":true,"href":"https:\/\/saxsim.ee\/swp\/wp-json\/wp\/v2\/product_cat?post=9888"},{"taxonomy":"product_tag","embeddable":true,"href":"https:\/\/saxsim.ee\/swp\/wp-json\/wp\/v2\/product_tag?post=9888"}],"curies":[{"name":"wp","href":"https:\/\/api.w.org\/{rel}","templated":true}]}}