{"id":9883,"date":"2022-02-11T11:48:22","date_gmt":"2022-02-11T09:48:22","guid":{"rendered":"https:\/\/www.saxsim.ee\/?post_type=product&#038;p=9883"},"modified":"2024-08-04T10:42:54","modified_gmt":"2024-08-04T07:42:54","slug":"nanlite-compac-40b-with-stand-kandiline-valgusti-statiivil","status":"publish","type":"product","link":"https:\/\/saxsim.ee\/swp\/product\/nanlite-compac-40b-with-stand-kandiline-valgusti-statiivil\/","title":{"rendered":"Nanlite Compac 40B with stand &#8211; kandiline valgusti statiivil"},"content":{"rendered":"<p>LED-paneeliga t\u00e4iuslik stuudiovalgusti.<\/p>\n<p>&#8211; v\u00e4rvustemperatuuri reguleerimine 3200-5500 K ( soojast k\u00fclmani )<br \/>\n&#8211; valgusintensiivsus reguleerimine vahemikus 0-100%<br \/>\n&#8211; LED-paneeli suurus: k\u00f5rgus &#8211; 31 cm, laius &#8211; 23 cm<br \/>\n&#8211; Toiteallikas: AC 110\u2013240 V<br \/>\n&#8211; LED v\u00f5imsus: 40 W<br \/>\n&#8211; v\u00e4rv: must<\/p>\n","protected":false},"excerpt":{"rendered":"<p>LED-paneeliga t\u00e4iuslik stuudiovalgusti. &#8211; v\u00e4rvustemperatuuri reguleerimine 3200-5500 K ( soojast k\u00fclmani ) &#8211; valgusintensiivsus reguleerimine vahemikus 0-100% &#8211; LED-paneeli suurus: k\u00f5rgus &#8211; 31 cm, laius &#8211; 23 cm &#8211; Toiteallikas: AC 110\u2013240 V &#8211; LED v\u00f5imsus: 40 W &#8211; v\u00e4rv: must<\/p>\n","protected":false},"featured_media":9884,"comment_status":"closed","ping_status":"closed","template":"","meta":[],"product_cat":[731,325,801,577],"product_tag":[],"class_list":{"0":"post-9883","1":"product","2":"type-product","3":"status-publish","4":"has-post-thumbnail","6":"product_cat-sisustus","7":"product_cat-juuksuri-ja-ilusalongi-sisustus","8":"product_cat-valgustid","9":"product_cat-iluteenindaja-tarvikud","11":"first","12":"instock","13":"taxable","14":"shipping-taxable","15":"purchasable","16":"product-type-simple"},"_links":{"self":[{"href":"https:\/\/saxsim.ee\/swp\/wp-json\/wp\/v2\/product\/9883"}],"collection":[{"href":"https:\/\/saxsim.ee\/swp\/wp-json\/wp\/v2\/product"}],"about":[{"href":"https:\/\/saxsim.ee\/swp\/wp-json\/wp\/v2\/types\/product"}],"replies":[{"embeddable":true,"href":"https:\/\/saxsim.ee\/swp\/wp-json\/wp\/v2\/comments?post=9883"}],"wp:featuredmedia":[{"embeddable":true,"href":"https:\/\/saxsim.ee\/swp\/wp-json\/wp\/v2\/media\/9884"}],"wp:attachment":[{"href":"https:\/\/saxsim.ee\/swp\/wp-json\/wp\/v2\/media?parent=9883"}],"wp:term":[{"taxonomy":"product_cat","embeddable":true,"href":"https:\/\/saxsim.ee\/swp\/wp-json\/wp\/v2\/product_cat?post=9883"},{"taxonomy":"product_tag","embeddable":true,"href":"https:\/\/saxsim.ee\/swp\/wp-json\/wp\/v2\/product_tag?post=9883"}],"curies":[{"name":"wp","href":"https:\/\/api.w.org\/{rel}","templated":true}]}}