{"id":9822,"date":"2022-01-25T20:03:29","date_gmt":"2022-01-25T18:03:29","guid":{"rendered":"https:\/\/www.saxsim.ee\/?post_type=product&#038;p=9822"},"modified":"2025-07-05T18:19:00","modified_gmt":"2025-07-05T15:19:00","slug":"forme-essentials-revitalizing-hair-mask-200-ml-taastav-juuksemask-kahjustatud-juustele","status":"publish","type":"product","link":"https:\/\/saxsim.ee\/swp\/product\/forme-essentials-revitalizing-hair-mask-200-ml-taastav-juuksemask-kahjustatud-juustele\/","title":{"rendered":"Forme Essentials Revitalizing Hair Mask 200 ml &#8211; taastav juuksemask kahjustatud juustele"},"content":{"rendered":"<p>Kaera\u00f5liga rikastatud, toitev juuksemask kuivadele, kahjustatud ja v\u00e4rvitud juustele.<\/p>\n<p>Tugevdab ja taastab juukseid, muutes nad l\u00e4ikivateks ja elastseteks. Sulgeb l\u00f5henenud juukseotsad. Toitev juuksemask silendab juukseid, muutes nad\u00a0paremini kammitavateks. Kaera\u00f5li niisutab ja toidab juukseid t\u00f5husalt mitmel moel. Sisaldab UV-kaitset. Vegan.<\/p>\n<p><strong><span class=\"\" title=\"\">\u00a0<\/span>Kasutamine:<\/strong> Kanna mask pestud r\u00e4tikukuivadesse juustesse ja lase m\u00f5juda 5-15 minutit. Loputa korralikult. <span class=\"VIiyi\" lang=\"et\"><span class=\"JLqJ4b ChMk0b\">Lisasoojus v\u00f5imendab juuksemaski toimet.<\/span><\/span><\/p>\n<p>pH: 3,8<\/p>\n","protected":false},"excerpt":{"rendered":"<p>Kaera\u00f5liga rikastatud, toitev juuksemask kuivadele, kahjustatud ja v\u00e4rvitud juustele. Tugevdab ja taastab juukseid, muutes nad l\u00e4ikivateks ja elastseteks. Sulgeb l\u00f5henenud juukseotsad. Toitev juuksemask silendab juukseid, muutes nad\u00a0paremini kammitavateks. Kaera\u00f5li niisutab ja toidab juukseid t\u00f5husalt mitmel moel. Sisaldab UV-kaitset. Vegan. \u00a0Kasutamine: Kanna mask pestud r\u00e4tikukuivadesse juustesse ja lase m\u00f5juda 5-15 minutit. Loputa korralikult. Lisasoojus v\u00f5imendab juuksemaski [&hellip;]<\/p>\n","protected":false},"featured_media":9824,"comment_status":"closed","ping_status":"closed","template":"","meta":[],"product_cat":[752,395,662],"product_tag":[],"class_list":{"0":"post-9822","1":"product","2":"type-product","3":"status-publish","4":"has-post-thumbnail","6":"product_cat-forme-essentials","7":"product_cat-juuksed","8":"product_cat-juuksemaskid-ja-taastavad-vahendid","10":"first","11":"instock","12":"taxable","13":"shipping-taxable","14":"purchasable","15":"product-type-simple"},"_links":{"self":[{"href":"https:\/\/saxsim.ee\/swp\/wp-json\/wp\/v2\/product\/9822"}],"collection":[{"href":"https:\/\/saxsim.ee\/swp\/wp-json\/wp\/v2\/product"}],"about":[{"href":"https:\/\/saxsim.ee\/swp\/wp-json\/wp\/v2\/types\/product"}],"replies":[{"embeddable":true,"href":"https:\/\/saxsim.ee\/swp\/wp-json\/wp\/v2\/comments?post=9822"}],"wp:featuredmedia":[{"embeddable":true,"href":"https:\/\/saxsim.ee\/swp\/wp-json\/wp\/v2\/media\/9824"}],"wp:attachment":[{"href":"https:\/\/saxsim.ee\/swp\/wp-json\/wp\/v2\/media?parent=9822"}],"wp:term":[{"taxonomy":"product_cat","embeddable":true,"href":"https:\/\/saxsim.ee\/swp\/wp-json\/wp\/v2\/product_cat?post=9822"},{"taxonomy":"product_tag","embeddable":true,"href":"https:\/\/saxsim.ee\/swp\/wp-json\/wp\/v2\/product_tag?post=9822"}],"curies":[{"name":"wp","href":"https:\/\/api.w.org\/{rel}","templated":true}]}}