{"id":982,"date":"2017-03-08T21:15:10","date_gmt":"2017-03-08T19:15:10","guid":{"rendered":"https:\/\/www.saxsim.ee\/swp\/toode\/sensido-cream-color-ideal-gold-63\/"},"modified":"2025-07-04T11:11:28","modified_gmt":"2025-07-04T08:11:28","slug":"6-3-sensido-3-in-one-cream-color-juuksevarv-professionaalidele","status":"publish","type":"product","link":"https:\/\/saxsim.ee\/swp\/product\/6-3-sensido-3-in-one-cream-color-juuksevarv-professionaalidele\/","title":{"rendered":"6\/3 SensiDO 3 In One Cream Color \u2013 juuksev\u00e4rv professionaalidele"},"content":{"rendered":"<p><b>6\/3 Dark Golden Blond<br \/>\n<\/b><\/p>\n<p>L\u00f5hnastamata SensiDO 3 In One Cream Color p\u00fcsiv\u00e4rviga v\u00e4rvides, saavutate <span class=\"VIiyi\" lang=\"et\"><span class=\"JLqJ4b\">suurep\u00e4rase, l\u00e4ikiva ja kauakestva intensiivse v\u00e4rvitooni. V\u00e4rvi on v\u00f5imalik kasutada p\u00fcsi-, kerg- ja toonimisv\u00e4rvina, muutes vaid vesiniku tugevust ja kogust.\u00a0<span class=\"JLqJ4b ChMk0b\">SensiDO 3 In 1 Cream Color v\u00e4rvisarjal on lai ja mitmek\u00fclgne valik, mis sisaldab \u00fcle 120 tooni ning v\u00f5imaldab saavutada kuni 100% hallide juuste katvuse.<\/span><\/span><\/span><\/p>\n<p><span class=\"VIiyi\" lang=\"et\"><span class=\"JLqJ4b ChMk0b\">V\u00e4rv sisaldab taimse valgu baasil toimeainet, mis tugevdab juukseid seest ja v\u00e4ljast, samuti v\u00e4rvitugevdajat, mis aeglustab v\u00e4rvi keemilist reaktsiooni segamisfaasis, v\u00f5imaldades v\u00e4rvimolekulidel siseneda juukse struktuuri ja v\u00e4rvi toime \u00f5iges kohas.<\/span>\u00a0<span class=\"JLqJ4b\">Parandab oluliselt v\u00e4rvi kestvust ja intensiivsust, lisab l\u00e4iget ja kaitseb juukseid.<\/span><\/span><\/p>\n<ul>\n<li><span class=\"VIiyi\" lang=\"et\"><span class=\"JLqJ4b\">p\u00fcsi-, kerg- ja toonimisv\u00e4rv<\/span><\/span><\/li>\n<li><span class=\"VIiyi\" lang=\"et\"><span class=\"JLqJ4b\"><span class=\"JLqJ4b ChMk0b\">lai ja mitmek\u00fclgne v\u00e4rvivalik ( \u00fcle 120 tooni )<br \/>\n<\/span><\/span><\/span><\/li>\n<li>kuni 100% hallikatvust<\/li>\n<li><span class=\"VIiyi\" lang=\"et\"><span class=\"JLqJ4b ChMk0b\">sisaldab taimse valgu baasil toimeainet, mis tugevdab juukseid seest ja v\u00e4ljast<\/span><\/span><\/li>\n<li>sisaldab ammoniaaki<\/li>\n<li>l\u00f5hnastamata ja vegan<\/li>\n<li>ainult professionaalseks kasutamiseks<\/li>\n<li>pakendi suurus 60 ml<\/li>\n<\/ul>\n<p>&nbsp;<\/p>\n","protected":false},"excerpt":{"rendered":"<p>6\/3 Dark Golden Blond L\u00f5hnastamata SensiDO 3 In One Cream Color p\u00fcsiv\u00e4rviga v\u00e4rvides, saavutate suurep\u00e4rase, l\u00e4ikiva ja kauakestva intensiivse v\u00e4rvitooni. V\u00e4rvi on v\u00f5imalik kasutada p\u00fcsi-, kerg- ja toonimisv\u00e4rvina, muutes vaid vesiniku tugevust ja kogust.\u00a0SensiDO 3 In 1 Cream Color v\u00e4rvisarjal on lai ja mitmek\u00fclgne valik, mis sisaldab \u00fcle 120 tooni ning v\u00f5imaldab saavutada kuni 100% [&hellip;]<\/p>\n","protected":false},"featured_media":9329,"comment_status":"closed","ping_status":"closed","template":"","meta":[],"product_cat":[673,395,666,95,390],"product_tag":[637],"class_list":{"0":"post-982","1":"product","2":"type-product","3":"status-publish","4":"has-post-thumbnail","6":"product_cat-sensido","7":"product_cat-juuksed","8":"product_cat-professionaalseks-kasutamiseks","9":"product_cat-sensido-juuksevarvid","10":"product_cat-sensido-cream-color-3-in-1","11":"product_tag-profitoode","13":"first","14":"instock","15":"taxable","16":"shipping-taxable","17":"purchasable","18":"product-type-simple"},"_links":{"self":[{"href":"https:\/\/saxsim.ee\/swp\/wp-json\/wp\/v2\/product\/982"}],"collection":[{"href":"https:\/\/saxsim.ee\/swp\/wp-json\/wp\/v2\/product"}],"about":[{"href":"https:\/\/saxsim.ee\/swp\/wp-json\/wp\/v2\/types\/product"}],"replies":[{"embeddable":true,"href":"https:\/\/saxsim.ee\/swp\/wp-json\/wp\/v2\/comments?post=982"}],"wp:featuredmedia":[{"embeddable":true,"href":"https:\/\/saxsim.ee\/swp\/wp-json\/wp\/v2\/media\/9329"}],"wp:attachment":[{"href":"https:\/\/saxsim.ee\/swp\/wp-json\/wp\/v2\/media?parent=982"}],"wp:term":[{"taxonomy":"product_cat","embeddable":true,"href":"https:\/\/saxsim.ee\/swp\/wp-json\/wp\/v2\/product_cat?post=982"},{"taxonomy":"product_tag","embeddable":true,"href":"https:\/\/saxsim.ee\/swp\/wp-json\/wp\/v2\/product_tag?post=982"}],"curies":[{"name":"wp","href":"https:\/\/api.w.org\/{rel}","templated":true}]}}