{"id":972,"date":"2017-03-05T23:46:59","date_gmt":"2017-03-05T21:46:59","guid":{"rendered":"https:\/\/www.saxsim.ee\/swp\/toode\/sensido-creme-developer-30\/"},"modified":"2025-07-01T11:50:44","modified_gmt":"2025-07-01T08:50:44","slug":"sensido-creme-developer-30","status":"publish","type":"product","link":"https:\/\/saxsim.ee\/swp\/product\/sensido-creme-developer-30\/","title":{"rendered":"SensiDO Creme Developer 3% 1000 ml. \u2013 kreemvesinik"},"content":{"rendered":"<p><span class=\"VIiyi\" lang=\"et\">L\u00f5hn- ja v\u00e4rvaineteta SensiDO kreemvesinikku <span class=\"JLqJ4b ChMk0b\">on lihtne segada SensiDO v\u00e4rvide ja -valgendusainetega. <\/span><span class=\"JLqJ4b ChMk0b\">V\u00e4rvimass muutub piisavalt paksuks, mida on lihtne kanda juustele. <\/span><span class=\"JLqJ4b ChMk0b\">Vegan.<\/span> <\/span><\/p>\n<p><span class=\"VIiyi\" lang=\"et\"><span class=\"JLqJ4b ChMk0b\">SensiDO vesinike tugevused: 0,9%, 2,1%, 3%, 6%, 9% ja 12%.<\/span> <\/span><\/p>\n<p><span class=\"VIiyi\" lang=\"et\"><span class=\"JLqJ4b ChMk0b\"><strong>Hoiatus<\/strong>:<\/span> <span class=\"JLqJ4b ChMk0b\">Sisaldab vesinikperoksiidi.<\/span> <span class=\"JLqJ4b ChMk0b\">V\u00e4ltige silma sattumist.<\/span> <span class=\"JLqJ4b ChMk0b\">Silma sattumisel loputada koheselt rohke veega.<\/span> <span class=\"JLqJ4b ChMk0b\">J\u00e4rgige kasutusjuhiseid.<\/span> <span class=\"JLqJ4b ChMk0b\">Kandke sobivaid kindaid.<\/span> <span class=\"JLqJ4b ChMk0b\">Ainult professionaalseks kasutamiseks.<\/span> <span class=\"JLqJ4b ChMk0b\">Hoida jahedas, mitte otsese p\u00e4ikesevalguse k\u00e4es.<\/span><\/span><\/p>\n<p><span class=\"xn-productName\">\u00a0<\/span><\/p>\n<p>&nbsp;<\/p>\n","protected":false},"excerpt":{"rendered":"<p>L\u00f5hn- ja v\u00e4rvaineteta SensiDO kreemvesinikku on lihtne segada SensiDO v\u00e4rvide ja -valgendusainetega. V\u00e4rvimass muutub piisavalt paksuks, mida on lihtne kanda juustele. Vegan. SensiDO vesinike tugevused: 0,9%, 2,1%, 3%, 6%, 9% ja 12%. Hoiatus: Sisaldab vesinikperoksiidi. V\u00e4ltige silma sattumist. Silma sattumisel loputada koheselt rohke veega. J\u00e4rgige kasutusjuhiseid. Kandke sobivaid kindaid. Ainult professionaalseks kasutamiseks. Hoida jahedas, mitte [&hellip;]<\/p>\n","protected":false},"featured_media":8542,"comment_status":"closed","ping_status":"closed","template":"","meta":[],"product_cat":[395,666,212],"product_tag":[637],"class_list":{"0":"post-972","1":"product","2":"type-product","3":"status-publish","4":"has-post-thumbnail","6":"product_cat-juuksed","7":"product_cat-professionaalseks-kasutamiseks","8":"product_cat-vesinikud","9":"product_tag-profitoode","11":"first","12":"instock","13":"virtual","14":"taxable","15":"purchasable","16":"product-type-simple"},"_links":{"self":[{"href":"https:\/\/saxsim.ee\/swp\/wp-json\/wp\/v2\/product\/972"}],"collection":[{"href":"https:\/\/saxsim.ee\/swp\/wp-json\/wp\/v2\/product"}],"about":[{"href":"https:\/\/saxsim.ee\/swp\/wp-json\/wp\/v2\/types\/product"}],"replies":[{"embeddable":true,"href":"https:\/\/saxsim.ee\/swp\/wp-json\/wp\/v2\/comments?post=972"}],"wp:featuredmedia":[{"embeddable":true,"href":"https:\/\/saxsim.ee\/swp\/wp-json\/wp\/v2\/media\/8542"}],"wp:attachment":[{"href":"https:\/\/saxsim.ee\/swp\/wp-json\/wp\/v2\/media?parent=972"}],"wp:term":[{"taxonomy":"product_cat","embeddable":true,"href":"https:\/\/saxsim.ee\/swp\/wp-json\/wp\/v2\/product_cat?post=972"},{"taxonomy":"product_tag","embeddable":true,"href":"https:\/\/saxsim.ee\/swp\/wp-json\/wp\/v2\/product_tag?post=972"}],"curies":[{"name":"wp","href":"https:\/\/api.w.org\/{rel}","templated":true}]}}