{"id":9711,"date":"2021-12-22T07:22:12","date_gmt":"2021-12-22T05:22:12","guid":{"rendered":"https:\/\/www.saxsim.ee\/?post_type=product&#038;p=9711"},"modified":"2024-08-22T12:07:33","modified_gmt":"2024-08-22T09:07:33","slug":"alu-case-handy-toovahendite-kohver","status":"publish","type":"product","link":"https:\/\/saxsim.ee\/swp\/product\/alu-case-handy-toovahendite-kohver\/","title":{"rendered":"Alu-Case, Handy &#8211; t\u00f6\u00f6vahendite kohver"},"content":{"rendered":"<p>Alumiiniumist t\u00f6\u00f6vahendite kohver.<\/p>\n<p>M\u00f5\u00f5dud &#8211; 36 x 22 x 22,5 cm<\/p>\n<p>V\u00e4rv &#8211; h\u00f5bedane.<\/p>\n","protected":false},"excerpt":{"rendered":"<p>Alumiiniumist t\u00f6\u00f6vahendite kohver. M\u00f5\u00f5dud &#8211; 36 x 22 x 22,5 cm V\u00e4rv &#8211; h\u00f5bedane.<\/p>\n","protected":false},"featured_media":9712,"comment_status":"closed","ping_status":"closed","template":"","meta":[],"product_cat":[577,590,401,313],"product_tag":[],"class_list":{"0":"post-9711","1":"product","2":"type-product","3":"status-publish","4":"has-post-thumbnail","6":"product_cat-iluteenindaja-tarvikud","7":"product_cat-kohvrid-ja-kotid-iluteenindaja-tarvikud","8":"product_cat-juuksuri-tarvikud","9":"product_cat-kohvrid-ja-kotid","11":"first","12":"instock","13":"taxable","14":"shipping-taxable","15":"purchasable","16":"product-type-simple"},"_links":{"self":[{"href":"https:\/\/saxsim.ee\/swp\/wp-json\/wp\/v2\/product\/9711"}],"collection":[{"href":"https:\/\/saxsim.ee\/swp\/wp-json\/wp\/v2\/product"}],"about":[{"href":"https:\/\/saxsim.ee\/swp\/wp-json\/wp\/v2\/types\/product"}],"replies":[{"embeddable":true,"href":"https:\/\/saxsim.ee\/swp\/wp-json\/wp\/v2\/comments?post=9711"}],"wp:featuredmedia":[{"embeddable":true,"href":"https:\/\/saxsim.ee\/swp\/wp-json\/wp\/v2\/media\/9712"}],"wp:attachment":[{"href":"https:\/\/saxsim.ee\/swp\/wp-json\/wp\/v2\/media?parent=9711"}],"wp:term":[{"taxonomy":"product_cat","embeddable":true,"href":"https:\/\/saxsim.ee\/swp\/wp-json\/wp\/v2\/product_cat?post=9711"},{"taxonomy":"product_tag","embeddable":true,"href":"https:\/\/saxsim.ee\/swp\/wp-json\/wp\/v2\/product_tag?post=9711"}],"curies":[{"name":"wp","href":"https:\/\/api.w.org\/{rel}","templated":true}]}}