{"id":9382,"date":"2021-11-15T08:41:58","date_gmt":"2021-11-15T06:41:58","guid":{"rendered":"https:\/\/www.saxsim.ee\/?post_type=product&#038;p=9382"},"modified":"2025-07-09T09:27:54","modified_gmt":"2025-07-09T06:27:54","slug":"elastic-bands-transparent-juuksekummid-500-tk","status":"publish","type":"product","link":"https:\/\/saxsim.ee\/swp\/product\/elastic-bands-transparent-juuksekummid-500-tk\/","title":{"rendered":"Elastic Bands, Transparent &#8211; l\u00e4bipaistvad juuksekummid, 500 tk."},"content":{"rendered":"<p>L\u00e4bipaistvad, peenikesed TPU materjalist juuksekummid.<\/p>\n<p>L\u00e4bim\u00f5\u00f5t &#8211; u. 19 mm.<\/p>\n<p>Pakis &#8211; 500 tk.<\/p>\n<p>&nbsp;<\/p>\n<p>&nbsp;<\/p>\n","protected":false},"excerpt":{"rendered":"<p>L\u00e4bipaistvad, peenikesed TPU materjalist juuksekummid. L\u00e4bim\u00f5\u00f5t &#8211; u. 19 mm. Pakis &#8211; 500 tk. &nbsp; &nbsp;<\/p>\n","protected":false},"featured_media":9383,"comment_status":"closed","ping_status":"closed","template":"","meta":[],"product_cat":[792,401,302,175],"product_tag":[],"class_list":{"0":"post-9382","1":"product","2":"type-product","3":"status-publish","4":"has-post-thumbnail","6":"product_cat-uued-tooted","7":"product_cat-juuksuri-tarvikud","8":"product_cat-juuksekummid","9":"product_cat-soenguvahendid","11":"first","12":"instock","13":"taxable","14":"shipping-taxable","15":"purchasable","16":"product-type-simple"},"_links":{"self":[{"href":"https:\/\/saxsim.ee\/swp\/wp-json\/wp\/v2\/product\/9382"}],"collection":[{"href":"https:\/\/saxsim.ee\/swp\/wp-json\/wp\/v2\/product"}],"about":[{"href":"https:\/\/saxsim.ee\/swp\/wp-json\/wp\/v2\/types\/product"}],"replies":[{"embeddable":true,"href":"https:\/\/saxsim.ee\/swp\/wp-json\/wp\/v2\/comments?post=9382"}],"wp:featuredmedia":[{"embeddable":true,"href":"https:\/\/saxsim.ee\/swp\/wp-json\/wp\/v2\/media\/9383"}],"wp:attachment":[{"href":"https:\/\/saxsim.ee\/swp\/wp-json\/wp\/v2\/media?parent=9382"}],"wp:term":[{"taxonomy":"product_cat","embeddable":true,"href":"https:\/\/saxsim.ee\/swp\/wp-json\/wp\/v2\/product_cat?post=9382"},{"taxonomy":"product_tag","embeddable":true,"href":"https:\/\/saxsim.ee\/swp\/wp-json\/wp\/v2\/product_tag?post=9382"}],"curies":[{"name":"wp","href":"https:\/\/api.w.org\/{rel}","templated":true}]}}