{"id":9369,"date":"2021-11-14T11:03:46","date_gmt":"2021-11-14T09:03:46","guid":{"rendered":"https:\/\/www.saxsim.ee\/?post_type=product&#038;p=9369"},"modified":"2026-04-02T10:07:37","modified_gmt":"2026-04-02T07:07:37","slug":"sibel-styling-mousse-s-400-ml-tugev-soenguvaht","status":"publish","type":"product","link":"https:\/\/saxsim.ee\/swp\/product\/sibel-styling-mousse-s-400-ml-tugev-soenguvaht\/","title":{"rendered":"Sibel Styling Mousse S 400 ml. &#8211; tugev soenguvaht"},"content":{"rendered":"<p>Tugev soenguvaht.<\/p>\n<p><strong><u>Kasutamine:<\/u><\/strong>\u00a0Enne kasutamist raputa.\u00a0Kanna r\u00e4tikukuivadesse juustesse ja kuivata f\u00f6\u00f6niga v\u00f5i viimistle vastavalt oma soovile.<\/p>\n","protected":false},"excerpt":{"rendered":"<p>Tugev soenguvaht. Kasutamine:\u00a0Enne kasutamist raputa.\u00a0Kanna r\u00e4tikukuivadesse juustesse ja kuivata f\u00f6\u00f6niga v\u00f5i viimistle vastavalt oma soovile.<\/p>\n","protected":false},"featured_media":9370,"comment_status":"closed","ping_status":"closed","template":"","meta":[],"product_cat":[107,251,759,395,682],"product_tag":[],"class_list":{"0":"post-9369","1":"product","2":"type-product","3":"status-publish","4":"has-post-thumbnail","6":"product_cat-pakkumised","7":"product_cat-lopumuuk","8":"product_cat-sibel-hair-care","9":"product_cat-juuksed","10":"product_cat-juuksevahud","12":"first","13":"instock","14":"sale","15":"taxable","16":"shipping-taxable","17":"purchasable","18":"product-type-simple"},"_links":{"self":[{"href":"https:\/\/saxsim.ee\/swp\/wp-json\/wp\/v2\/product\/9369"}],"collection":[{"href":"https:\/\/saxsim.ee\/swp\/wp-json\/wp\/v2\/product"}],"about":[{"href":"https:\/\/saxsim.ee\/swp\/wp-json\/wp\/v2\/types\/product"}],"replies":[{"embeddable":true,"href":"https:\/\/saxsim.ee\/swp\/wp-json\/wp\/v2\/comments?post=9369"}],"wp:featuredmedia":[{"embeddable":true,"href":"https:\/\/saxsim.ee\/swp\/wp-json\/wp\/v2\/media\/9370"}],"wp:attachment":[{"href":"https:\/\/saxsim.ee\/swp\/wp-json\/wp\/v2\/media?parent=9369"}],"wp:term":[{"taxonomy":"product_cat","embeddable":true,"href":"https:\/\/saxsim.ee\/swp\/wp-json\/wp\/v2\/product_cat?post=9369"},{"taxonomy":"product_tag","embeddable":true,"href":"https:\/\/saxsim.ee\/swp\/wp-json\/wp\/v2\/product_tag?post=9369"}],"curies":[{"name":"wp","href":"https:\/\/api.w.org\/{rel}","templated":true}]}}