{"id":9358,"date":"2021-11-13T10:14:35","date_gmt":"2021-11-13T08:14:35","guid":{"rendered":"https:\/\/www.saxsim.ee\/?post_type=product&#038;p=9358"},"modified":"2024-01-10T12:40:33","modified_gmt":"2024-01-10T10:40:33","slug":"ultron-extreme-taper-clipper-loikusmasin","status":"publish","type":"product","link":"https:\/\/saxsim.ee\/swp\/product\/ultron-extreme-taper-clipper-loikusmasin\/","title":{"rendered":"Ultron Extreme Taper Clipper &#8211; l\u00f5ikusmasin"},"content":{"rendered":"<p>Kerge, vaikne, juhtmega\/juhtmeta l\u00f5ikusmasin.<\/p>\n<p><strong>Tehnilised andmed:<\/strong><\/p>\n<p>mootori v\u00f5imsus &#8211; 6,5 W<br \/>\n2-kiirust ( 6000 &#8211; 7000 p\/min. )<br \/>\n5-astmeline tera k\u00f5rguse reguleerimine<br \/>\nLED ekraan aku laetusastme kuvamiseks<br \/>\nLi-Ion aku<br \/>\nreguleeritava k\u00f5rgusega titaanist keraamiline tera ( 0,5 &#8211; 3,5 mm. )<br \/>\nl\u00f5ikustera laius &#8211;\u00a0 mm.<br \/>\nakutoitel t\u00f6\u00f6tab &#8211; 4 h.<br \/>\naku laadimisaeg &#8211; 3 h.<br \/>\nm\u00fcratase &#8211; 62 dB<br \/>\nkaal &#8211; 327 g.<br \/>\njuhe &#8211; 2,50 m.<\/p>\n<p><strong>Komplektis:<\/strong><\/p>\n<p>10 pikendustalda ( 0,5 \/ 1,0 \/ 1,5 \/ 2,0 \/ 3,0 \/ 4,0 \/ 5,0 \/ 6,0 \/ 7,0 ja 8,0 mm. )<br \/>\nlaadimisalus koos juhtmega<br \/>\npuhastushari<br \/>\nmasina\u00f5li<br \/>\nkruvikeeraja<br \/>\ntera reguleerimist\u00f6\u00f6riist ja kaitse<\/p>\n<div class=\"UdTY9 Yb6eTe\"><\/div>\n","protected":false},"excerpt":{"rendered":"<p>Kerge, vaikne, juhtmega\/juhtmeta l\u00f5ikusmasin. Tehnilised andmed: mootori v\u00f5imsus &#8211; 6,5 W 2-kiirust ( 6000 &#8211; 7000 p\/min. ) 5-astmeline tera k\u00f5rguse reguleerimine LED ekraan aku laetusastme kuvamiseks Li-Ion aku reguleeritava k\u00f5rgusega titaanist keraamiline tera ( 0,5 &#8211; 3,5 mm. ) l\u00f5ikustera laius &#8211;\u00a0 mm. akutoitel t\u00f6\u00f6tab &#8211; 4 h. aku laadimisaeg &#8211; 3 h. m\u00fcratase [&hellip;]<\/p>\n","protected":false},"featured_media":9359,"comment_status":"closed","ping_status":"closed","template":"","meta":[],"product_cat":[792,733,401,280,286],"product_tag":[],"class_list":{"0":"post-9358","1":"product","2":"type-product","3":"status-publish","4":"has-post-thumbnail","6":"product_cat-uued-tooted","7":"product_cat-ultron","8":"product_cat-juuksuri-tarvikud","9":"product_cat-elektrilised-toovahendid","10":"product_cat-loikusmasinad-ja-trimmerid","12":"first","13":"instock","14":"taxable","15":"shipping-taxable","16":"purchasable","17":"product-type-simple"},"_links":{"self":[{"href":"https:\/\/saxsim.ee\/swp\/wp-json\/wp\/v2\/product\/9358"}],"collection":[{"href":"https:\/\/saxsim.ee\/swp\/wp-json\/wp\/v2\/product"}],"about":[{"href":"https:\/\/saxsim.ee\/swp\/wp-json\/wp\/v2\/types\/product"}],"replies":[{"embeddable":true,"href":"https:\/\/saxsim.ee\/swp\/wp-json\/wp\/v2\/comments?post=9358"}],"wp:featuredmedia":[{"embeddable":true,"href":"https:\/\/saxsim.ee\/swp\/wp-json\/wp\/v2\/media\/9359"}],"wp:attachment":[{"href":"https:\/\/saxsim.ee\/swp\/wp-json\/wp\/v2\/media?parent=9358"}],"wp:term":[{"taxonomy":"product_cat","embeddable":true,"href":"https:\/\/saxsim.ee\/swp\/wp-json\/wp\/v2\/product_cat?post=9358"},{"taxonomy":"product_tag","embeddable":true,"href":"https:\/\/saxsim.ee\/swp\/wp-json\/wp\/v2\/product_tag?post=9358"}],"curies":[{"name":"wp","href":"https:\/\/api.w.org\/{rel}","templated":true}]}}