{"id":9150,"date":"2021-10-22T09:19:13","date_gmt":"2021-10-22T06:19:13","guid":{"rendered":"https:\/\/www.saxsim.ee\/?post_type=product&#038;p=9150"},"modified":"2024-04-30T07:37:42","modified_gmt":"2024-04-30T04:37:42","slug":"trolley-salon-compact-tookaru","status":"publish","type":"product","link":"https:\/\/saxsim.ee\/swp\/product\/trolley-salon-compact-tookaru\/","title":{"rendered":"Trolley, Salon Compact &#8211; t\u00f6\u00f6k\u00e4ru"},"content":{"rendered":"<p>Suurte kummist ratastega, laiendatava t\u00f6\u00f6pinnaga, kvaliteetne, 5 sahtliga t\u00f6\u00f6k\u00e4ru.<\/p>\n<p>K\u00f5rgus &#8211;\u00a0 90,0 cm.<\/p>\n<p>Laius &#8211;\u00a0 29,0 cm.<\/p>\n<p>S\u00fcgavus &#8211;\u00a0 36,0 cm.<\/p>\n<p><span class=\"VIiyi\" lang=\"et\"><span class=\"JLqJ4b ChMk0b\">*Tarvikud ei kuulu toote juurde!<\/span><\/span><\/p>\n","protected":false},"excerpt":{"rendered":"<p>Suurte kummist ratastega, laiendatava t\u00f6\u00f6pinnaga, kvaliteetne, 5 sahtliga t\u00f6\u00f6k\u00e4ru. K\u00f5rgus &#8211;\u00a0 90,0 cm. Laius &#8211;\u00a0 29,0 cm. S\u00fcgavus &#8211;\u00a0 36,0 cm. *Tarvikud ei kuulu toote juurde!<\/p>\n","protected":false},"featured_media":9151,"comment_status":"closed","ping_status":"closed","template":"","meta":[],"product_cat":[792,325,334,401],"product_tag":[],"class_list":{"0":"post-9150","1":"product","2":"type-product","3":"status-publish","4":"has-post-thumbnail","6":"product_cat-uued-tooted","7":"product_cat-juuksuri-ja-ilusalongi-sisustus","8":"product_cat-tookarud","9":"product_cat-juuksuri-tarvikud","11":"first","12":"instock","13":"taxable","14":"shipping-taxable","15":"purchasable","16":"product-type-simple"},"_links":{"self":[{"href":"https:\/\/saxsim.ee\/swp\/wp-json\/wp\/v2\/product\/9150"}],"collection":[{"href":"https:\/\/saxsim.ee\/swp\/wp-json\/wp\/v2\/product"}],"about":[{"href":"https:\/\/saxsim.ee\/swp\/wp-json\/wp\/v2\/types\/product"}],"replies":[{"embeddable":true,"href":"https:\/\/saxsim.ee\/swp\/wp-json\/wp\/v2\/comments?post=9150"}],"wp:featuredmedia":[{"embeddable":true,"href":"https:\/\/saxsim.ee\/swp\/wp-json\/wp\/v2\/media\/9151"}],"wp:attachment":[{"href":"https:\/\/saxsim.ee\/swp\/wp-json\/wp\/v2\/media?parent=9150"}],"wp:term":[{"taxonomy":"product_cat","embeddable":true,"href":"https:\/\/saxsim.ee\/swp\/wp-json\/wp\/v2\/product_cat?post=9150"},{"taxonomy":"product_tag","embeddable":true,"href":"https:\/\/saxsim.ee\/swp\/wp-json\/wp\/v2\/product_tag?post=9150"}],"curies":[{"name":"wp","href":"https:\/\/api.w.org\/{rel}","templated":true}]}}