{"id":9100,"date":"2021-10-07T12:23:44","date_gmt":"2021-10-07T09:23:44","guid":{"rendered":"https:\/\/www.saxsim.ee\/?post_type=product&#038;p=9100"},"modified":"2025-07-04T07:32:32","modified_gmt":"2025-07-04T04:32:32","slug":"t8-65-sensido-nordic-shades-toner-tooniv-juuksevarv","status":"publish","type":"product","link":"https:\/\/saxsim.ee\/swp\/product\/t8-65-sensido-nordic-shades-toner-tooniv-juuksevarv\/","title":{"rendered":"T8\/65 SensiDO Nordic Shades Toner &#8211; tooniv juuksev\u00e4rv"},"content":{"rendered":"<p><span title=\"\">Uued SensiDO Nordic Shades toonivad juuksev\u00e4rvid r\u00f5\u00f5mustavad nii juuksureid, kui ka kliente oma toonivalikuga.<\/span> <span title=\"\">Kiiretoimelised ja kauakestvad toonivad juuksev\u00e4rvid sobivad eriti p\u00e4rast blondeerimist, neutraliseerimiseks, toonimiseks v\u00f5i l\u00f5pptulemuse tuhmimaks muutmiseks.<br \/>\n<\/span><\/p>\n<ul>\n<li><span title=\"\">Sobib toonimiseks, eriti p\u00e4rast blondeerimist<\/span><\/li>\n<li><span title=\"\">V\u00e4he-aluselised\u00a0toonivad juuksev\u00e4rvid, kauakestva p\u00fcsivusega<\/span><\/li>\n<li><span class=\"\" title=\"\">Saadaval 10 tooni<\/span><\/li>\n<li><span title=\"\">M\u00f5juaeg u. 5-30 minutit<\/span><\/li>\n<li><span class=\"\" title=\"\">Ei t\u00f5sta peanaha soojust, sobib suurep\u00e4raselt n\u00e4iteks triibutatud juuste toonimiseks<\/span><\/li>\n<li><span title=\"\">Ei sisalda otsev\u00e4rvipigmente<\/span><\/li>\n<li><span class=\"\" title=\"\">L\u00f5hnatu ja vegan<\/span><\/li>\n<li><span class=\"\" title=\"\">Suurus 60 ml<\/span><\/li>\n<\/ul>\n","protected":false},"excerpt":{"rendered":"<p>Uued SensiDO Nordic Shades toonivad juuksev\u00e4rvid r\u00f5\u00f5mustavad nii juuksureid, kui ka kliente oma toonivalikuga. Kiiretoimelised ja kauakestvad toonivad juuksev\u00e4rvid sobivad eriti p\u00e4rast blondeerimist, neutraliseerimiseks, toonimiseks v\u00f5i l\u00f5pptulemuse tuhmimaks muutmiseks. Sobib toonimiseks, eriti p\u00e4rast blondeerimist V\u00e4he-aluselised\u00a0toonivad juuksev\u00e4rvid, kauakestva p\u00fcsivusega Saadaval 10 tooni M\u00f5juaeg u. 5-30 minutit Ei t\u00f5sta peanaha soojust, sobib suurep\u00e4raselt n\u00e4iteks triibutatud juuste toonimiseks [&hellip;]<\/p>\n","protected":false},"featured_media":9639,"comment_status":"closed","ping_status":"closed","template":"","meta":[],"product_cat":[673,395,666,95,765],"product_tag":[637],"class_list":{"0":"post-9100","1":"product","2":"type-product","3":"status-publish","4":"has-post-thumbnail","6":"product_cat-sensido","7":"product_cat-juuksed","8":"product_cat-professionaalseks-kasutamiseks","9":"product_cat-sensido-juuksevarvid","10":"product_cat-sensido-nordic-shades-toner","11":"product_tag-profitoode","13":"first","14":"instock","15":"taxable","16":"shipping-taxable","17":"purchasable","18":"product-type-simple"},"_links":{"self":[{"href":"https:\/\/saxsim.ee\/swp\/wp-json\/wp\/v2\/product\/9100"}],"collection":[{"href":"https:\/\/saxsim.ee\/swp\/wp-json\/wp\/v2\/product"}],"about":[{"href":"https:\/\/saxsim.ee\/swp\/wp-json\/wp\/v2\/types\/product"}],"replies":[{"embeddable":true,"href":"https:\/\/saxsim.ee\/swp\/wp-json\/wp\/v2\/comments?post=9100"}],"wp:featuredmedia":[{"embeddable":true,"href":"https:\/\/saxsim.ee\/swp\/wp-json\/wp\/v2\/media\/9639"}],"wp:attachment":[{"href":"https:\/\/saxsim.ee\/swp\/wp-json\/wp\/v2\/media?parent=9100"}],"wp:term":[{"taxonomy":"product_cat","embeddable":true,"href":"https:\/\/saxsim.ee\/swp\/wp-json\/wp\/v2\/product_cat?post=9100"},{"taxonomy":"product_tag","embeddable":true,"href":"https:\/\/saxsim.ee\/swp\/wp-json\/wp\/v2\/product_tag?post=9100"}],"curies":[{"name":"wp","href":"https:\/\/api.w.org\/{rel}","templated":true}]}}