{"id":9079,"date":"2021-10-07T10:12:18","date_gmt":"2021-10-07T07:12:18","guid":{"rendered":"https:\/\/www.saxsim.ee\/?post_type=product&#038;p=9079"},"modified":"2026-03-03T10:16:59","modified_gmt":"2026-03-03T08:16:59","slug":"cotton-cosmetic-pads-puuvillased-vatipadjad-750-tk","status":"publish","type":"product","link":"https:\/\/saxsim.ee\/swp\/product\/cotton-cosmetic-pads-puuvillased-vatipadjad-750-tk\/","title":{"rendered":"Cotton Cosmetic Pads &#8211; puuvillased vatipadjad 750 tk."},"content":{"rendered":"<p>\u00dcmmargused puuvillased vatipadjad.<\/p>\n<p>M\u00f5\u00f5dud &#8211;\u00a0 cm.<\/p>\n<p>Pakend &#8211; 5 x 150 tk.<\/p>\n<p>&nbsp;<\/p>\n<p>&nbsp;<\/p>\n","protected":false},"excerpt":{"rendered":"<p>\u00dcmmargused puuvillased vatipadjad. M\u00f5\u00f5dud &#8211;\u00a0 cm. Pakend &#8211; 5 x 150 tk. &nbsp; &nbsp;<\/p>\n","protected":false},"featured_media":9080,"comment_status":"closed","ping_status":"closed","template":"","meta":[],"product_cat":[577,583],"product_tag":[],"class_list":{"0":"post-9079","1":"product","2":"type-product","3":"status-publish","4":"has-post-thumbnail","6":"product_cat-iluteenindaja-tarvikud","7":"product_cat-uhekordsed-tooted-iluteenindaja-tarvikud","9":"first","10":"outofstock","11":"taxable","12":"shipping-taxable","13":"purchasable","14":"product-type-simple"},"_links":{"self":[{"href":"https:\/\/saxsim.ee\/swp\/wp-json\/wp\/v2\/product\/9079"}],"collection":[{"href":"https:\/\/saxsim.ee\/swp\/wp-json\/wp\/v2\/product"}],"about":[{"href":"https:\/\/saxsim.ee\/swp\/wp-json\/wp\/v2\/types\/product"}],"replies":[{"embeddable":true,"href":"https:\/\/saxsim.ee\/swp\/wp-json\/wp\/v2\/comments?post=9079"}],"wp:featuredmedia":[{"embeddable":true,"href":"https:\/\/saxsim.ee\/swp\/wp-json\/wp\/v2\/media\/9080"}],"wp:attachment":[{"href":"https:\/\/saxsim.ee\/swp\/wp-json\/wp\/v2\/media?parent=9079"}],"wp:term":[{"taxonomy":"product_cat","embeddable":true,"href":"https:\/\/saxsim.ee\/swp\/wp-json\/wp\/v2\/product_cat?post=9079"},{"taxonomy":"product_tag","embeddable":true,"href":"https:\/\/saxsim.ee\/swp\/wp-json\/wp\/v2\/product_tag?post=9079"}],"curies":[{"name":"wp","href":"https:\/\/api.w.org\/{rel}","templated":true}]}}