{"id":9034,"date":"2021-09-22T11:13:33","date_gmt":"2021-09-22T08:13:33","guid":{"rendered":"https:\/\/www.saxsim.ee\/?post_type=product&#038;p=9034"},"modified":"2021-09-22T11:27:51","modified_gmt":"2021-09-22T08:27:51","slug":"styling-chair-augusta-klienditool-rataste-ja-piduriga","status":"publish","type":"product","link":"https:\/\/saxsim.ee\/swp\/product\/styling-chair-augusta-klienditool-rataste-ja-piduriga\/","title":{"rendered":"Styling Chair, Augusta &#8211; klienditool ( rataste ja piduriga )"},"content":{"rendered":"<p>Puidust k\u00e4etugedega klienditool.<\/p>\n<p><span class=\"tlid-translation translation\" lang=\"et\"><span class=\"\" title=\"\">Toote omadused:<\/span><\/span><\/p>\n<p>Tooli m\u00f5\u00f5dud: 58 cm x 59 cm x 96 &#8211; 108 cm.<\/p>\n<p>Reguleeritava k\u00f5rgusega h\u00fcdrauliline pump: 52 \u2013 64 cm.<\/p>\n<p>H\u00fcdraulilist pumpa saab lukustada.<\/p>\n<p>Kroomitud viieharuline jalg rataste ja piduriga.<\/p>\n<p>Kergesti<span title=\"\"> hooldatav kunstnahast kate.<\/span><\/p>\n<p><span title=\"\">Puidust k\u00e4etoed ( v\u00f5imalus valida 3 v\u00e4rvitooni vahel )<\/span><br \/>\n&#8211; <span title=\"\">21-11 \u00bbhele puit<\/span><br \/>\n&#8211; <span title=\"\">21-12 \u00bbpruun puit<\/span><br \/>\n&#8211; <span title=\"\">21-13 \u00bbmust puit<\/span><\/p>\n<p><span title=\"\">Kandev\u00f5ime: max.<\/span> <span title=\"\">150 kg.<\/span><\/p>\n","protected":false},"excerpt":{"rendered":"<p>Puidust k\u00e4etugedega klienditool. Toote omadused: Tooli m\u00f5\u00f5dud: 58 cm x 59 cm x 96 &#8211; 108 cm. Reguleeritava k\u00f5rgusega h\u00fcdrauliline pump: 52 \u2013 64 cm. H\u00fcdraulilist pumpa saab lukustada. Kroomitud viieharuline jalg rataste ja piduriga. Kergesti hooldatav kunstnahast kate. Puidust k\u00e4etoed ( v\u00f5imalus valida 3 v\u00e4rvitooni vahel ) &#8211; 21-11 \u00bbhele puit &#8211; 21-12 \u00bbpruun [&hellip;]<\/p>\n","protected":false},"featured_media":9035,"comment_status":"closed","ping_status":"closed","template":"","meta":[],"product_cat":[325,369,401],"product_tag":[],"class_list":{"0":"post-9034","1":"product","2":"type-product","3":"status-publish","4":"has-post-thumbnail","6":"product_cat-juuksuri-ja-ilusalongi-sisustus","7":"product_cat-klienditoolid","8":"product_cat-juuksuri-tarvikud","10":"first","11":"instock","12":"taxable","13":"shipping-taxable","14":"purchasable","15":"product-type-simple"},"_links":{"self":[{"href":"https:\/\/saxsim.ee\/swp\/wp-json\/wp\/v2\/product\/9034"}],"collection":[{"href":"https:\/\/saxsim.ee\/swp\/wp-json\/wp\/v2\/product"}],"about":[{"href":"https:\/\/saxsim.ee\/swp\/wp-json\/wp\/v2\/types\/product"}],"replies":[{"embeddable":true,"href":"https:\/\/saxsim.ee\/swp\/wp-json\/wp\/v2\/comments?post=9034"}],"wp:featuredmedia":[{"embeddable":true,"href":"https:\/\/saxsim.ee\/swp\/wp-json\/wp\/v2\/media\/9035"}],"wp:attachment":[{"href":"https:\/\/saxsim.ee\/swp\/wp-json\/wp\/v2\/media?parent=9034"}],"wp:term":[{"taxonomy":"product_cat","embeddable":true,"href":"https:\/\/saxsim.ee\/swp\/wp-json\/wp\/v2\/product_cat?post=9034"},{"taxonomy":"product_tag","embeddable":true,"href":"https:\/\/saxsim.ee\/swp\/wp-json\/wp\/v2\/product_tag?post=9034"}],"curies":[{"name":"wp","href":"https:\/\/api.w.org\/{rel}","templated":true}]}}