{"id":9014,"date":"2021-09-16T20:31:29","date_gmt":"2021-09-16T17:31:29","guid":{"rendered":"https:\/\/www.saxsim.ee\/?post_type=product&#038;p=9014"},"modified":"2026-02-24T13:14:26","modified_gmt":"2026-02-24T11:14:26","slug":"refectocil-saline-solution-150-ml-soolalahus-puhastamiseks","status":"publish","type":"product","link":"https:\/\/saxsim.ee\/swp\/product\/refectocil-saline-solution-150-ml-soolalahus-puhastamiseks\/","title":{"rendered":"RefectoCil Saline Solution 150 ml &#8211; soolalahus puhastamiseks"},"content":{"rendered":"<p>V\u00e4ga \u00f5rna koostisega soolalahus p\u00f5hjalikuks puhastamiseks enne ripsmete p\u00fcsikoolutust v\u00f5i p\u00fcsiv\u00e4rvimist.<\/p>\n<p><span class=\"VIiyi\" lang=\"et\"><span class=\"JLqJ4b ChMk0b\">Parima v\u00f5imaliku tulemuse saavutamiseks puhastage silma\u00fcmbrus p\u00f5hjalikult enne ja p\u00e4rast ripsmekoolutust v\u00f5i RefectoCil silmav\u00e4rvidega toonimist RefectoCil soolalahusega.<\/span>\u00a0<span class=\"JLqJ4b ChMk0b\">V\u00e4hendab \u00f5lisust ja eemaldab j\u00e4\u00e4gid.<\/span> <\/span><\/p>\n<p><span class=\"VIiyi\" lang=\"et\"><strong><span class=\"JLqJ4b ChMk0b\">Kasutamine:<\/span><\/strong> <span class=\"JLqJ4b ChMk0b\">Valage m\u00f5ni tilk RefectoCil soolalahust vatipadjale ja p\u00fchkige pehmelt \u00fcle silmalaugude, ripsmete ja kulmude.<\/span> <span class=\"JLqJ4b ChMk0b\">Sobib ka pintslite ja v\u00e4rvi segamisn\u00f5ude puhastamiseks.<\/span><\/span><\/p>\n<p>&nbsp;<\/p>\n<h1><\/h1>\n<p>&nbsp;<\/p>\n<p>&nbsp;<\/p>\n","protected":false},"excerpt":{"rendered":"<p>V\u00e4ga \u00f5rna koostisega soolalahus p\u00f5hjalikuks puhastamiseks enne ripsmete p\u00fcsikoolutust v\u00f5i p\u00fcsiv\u00e4rvimist. Parima v\u00f5imaliku tulemuse saavutamiseks puhastage silma\u00fcmbrus p\u00f5hjalikult enne ja p\u00e4rast ripsmekoolutust v\u00f5i RefectoCil silmav\u00e4rvidega toonimist RefectoCil soolalahusega.\u00a0V\u00e4hendab \u00f5lisust ja eemaldab j\u00e4\u00e4gid. Kasutamine: Valage m\u00f5ni tilk RefectoCil soolalahust vatipadjale ja p\u00fchkige pehmelt \u00fcle silmalaugude, ripsmete ja kulmude. Sobib ka pintslite ja v\u00e4rvi segamisn\u00f5ude puhastamiseks. &nbsp; [&hellip;]<\/p>\n","protected":false},"featured_media":9015,"comment_status":"closed","ping_status":"closed","template":"","meta":[],"product_cat":[717,97,268],"product_tag":[],"class_list":{"0":"post-9014","1":"product","2":"type-product","3":"status-publish","4":"has-post-thumbnail","6":"product_cat-refectocil-2","7":"product_cat-nagu-ja-keha","8":"product_cat-refectocil","10":"first","11":"instock","12":"taxable","13":"shipping-taxable","14":"purchasable","15":"product-type-simple"},"_links":{"self":[{"href":"https:\/\/saxsim.ee\/swp\/wp-json\/wp\/v2\/product\/9014"}],"collection":[{"href":"https:\/\/saxsim.ee\/swp\/wp-json\/wp\/v2\/product"}],"about":[{"href":"https:\/\/saxsim.ee\/swp\/wp-json\/wp\/v2\/types\/product"}],"replies":[{"embeddable":true,"href":"https:\/\/saxsim.ee\/swp\/wp-json\/wp\/v2\/comments?post=9014"}],"wp:featuredmedia":[{"embeddable":true,"href":"https:\/\/saxsim.ee\/swp\/wp-json\/wp\/v2\/media\/9015"}],"wp:attachment":[{"href":"https:\/\/saxsim.ee\/swp\/wp-json\/wp\/v2\/media?parent=9014"}],"wp:term":[{"taxonomy":"product_cat","embeddable":true,"href":"https:\/\/saxsim.ee\/swp\/wp-json\/wp\/v2\/product_cat?post=9014"},{"taxonomy":"product_tag","embeddable":true,"href":"https:\/\/saxsim.ee\/swp\/wp-json\/wp\/v2\/product_tag?post=9014"}],"curies":[{"name":"wp","href":"https:\/\/api.w.org\/{rel}","templated":true}]}}