{"id":8874,"date":"2021-07-28T09:09:29","date_gmt":"2021-07-28T06:09:29","guid":{"rendered":"https:\/\/www.saxsim.ee\/?post_type=product&#038;p=8874"},"modified":"2024-08-19T13:09:40","modified_gmt":"2024-08-19T10:09:40","slug":"sibel-repair-conditioner-5000-ml-palsam-ornadelekahjustatud-juustele","status":"publish","type":"product","link":"https:\/\/saxsim.ee\/swp\/product\/sibel-repair-conditioner-5000-ml-palsam-ornadelekahjustatud-juustele\/","title":{"rendered":"Sibel Repair Conditioner 5000 ml &#8211; palsam \u00f5rnadele\/kahjustatud juustele"},"content":{"rendered":"<p><span class=\"tlid-translation translation\" lang=\"et\"><span class=\"\" title=\"\">Sibel Repair palsam on rikastatud keramiididega ( Ceramides ) ja a<span title=\"\">rgaania\u00f5liga ( <\/span>Argan Oil ).<span title=\"\"> Harutab pusad, <\/span>silub, <span title=\"\">parandab juuste struktuuri, tehes nad vastupidavateks ja eluj\u00f5ulisteks.<br \/>\n<\/span><\/span><\/span><\/p>\n<p><strong>Kasutamine:<\/strong> <span class=\"tlid-translation translation\" lang=\"et\"><span class=\"\" title=\"\">Kanna palsam pestud r\u00e4tikukuivadesse juustesse ja lase m\u00f5juda v\u00e4hemalt 1 minut. Loputa korralikult.<\/span><\/span><\/p>\n<p><span class=\"tlid-translation translation\" lang=\"et\"><span class=\"\" title=\"\"><strong>Ettevaatust!<\/strong> V\u00e4ltige silma sattumist.<\/span><\/span><\/p>\n<p>Valmistatud: Hispaanias<\/p>\n<p>&nbsp;<\/p>\n<p>&nbsp;<\/p>\n<p>&nbsp;<\/p>\n<p>&nbsp;<\/p>\n","protected":false},"excerpt":{"rendered":"<p>Sibel Repair palsam on rikastatud keramiididega ( Ceramides ) ja argaania\u00f5liga ( Argan Oil ). Harutab pusad, silub, parandab juuste struktuuri, tehes nad vastupidavateks ja eluj\u00f5ulisteks. Kasutamine: Kanna palsam pestud r\u00e4tikukuivadesse juustesse ja lase m\u00f5juda v\u00e4hemalt 1 minut. Loputa korralikult. Ettevaatust! V\u00e4ltige silma sattumist. Valmistatud: Hispaanias &nbsp; &nbsp; &nbsp; &nbsp;<\/p>\n","protected":false},"featured_media":8875,"comment_status":"closed","ping_status":"closed","template":"","meta":[],"product_cat":[759,395,660],"product_tag":[],"class_list":{"0":"post-8874","1":"product","2":"type-product","3":"status-publish","4":"has-post-thumbnail","6":"product_cat-sibel-hair-care","7":"product_cat-juuksed","8":"product_cat-palsamid","10":"first","11":"outofstock","12":"taxable","13":"shipping-taxable","14":"purchasable","15":"product-type-simple"},"_links":{"self":[{"href":"https:\/\/saxsim.ee\/swp\/wp-json\/wp\/v2\/product\/8874"}],"collection":[{"href":"https:\/\/saxsim.ee\/swp\/wp-json\/wp\/v2\/product"}],"about":[{"href":"https:\/\/saxsim.ee\/swp\/wp-json\/wp\/v2\/types\/product"}],"replies":[{"embeddable":true,"href":"https:\/\/saxsim.ee\/swp\/wp-json\/wp\/v2\/comments?post=8874"}],"wp:featuredmedia":[{"embeddable":true,"href":"https:\/\/saxsim.ee\/swp\/wp-json\/wp\/v2\/media\/8875"}],"wp:attachment":[{"href":"https:\/\/saxsim.ee\/swp\/wp-json\/wp\/v2\/media?parent=8874"}],"wp:term":[{"taxonomy":"product_cat","embeddable":true,"href":"https:\/\/saxsim.ee\/swp\/wp-json\/wp\/v2\/product_cat?post=8874"},{"taxonomy":"product_tag","embeddable":true,"href":"https:\/\/saxsim.ee\/swp\/wp-json\/wp\/v2\/product_tag?post=8874"}],"curies":[{"name":"wp","href":"https:\/\/api.w.org\/{rel}","templated":true}]}}