{"id":8862,"date":"2021-07-26T10:46:41","date_gmt":"2021-07-26T07:46:41","guid":{"rendered":"https:\/\/www.saxsim.ee\/?post_type=product&#038;p=8862"},"modified":"2025-07-09T09:28:25","modified_gmt":"2025-07-09T06:28:25","slug":"elastic-bands-pastel-juuksekummid-500-tk","status":"publish","type":"product","link":"https:\/\/saxsim.ee\/swp\/product\/elastic-bands-pastel-juuksekummid-500-tk\/","title":{"rendered":"Elastic Bands, Pastel &#8211; juuksekummid, 500 tk."},"content":{"rendered":"<p>V\u00e4rvilised, peenikesed TPU materjalist juuksekummid.<\/p>\n<p>L\u00e4bim\u00f5\u00f5t &#8211; u. 10-15 mm.<\/p>\n<p>Pakis &#8211; 500 tk.<\/p>\n<p>&nbsp;<\/p>\n<p>&nbsp;<\/p>\n","protected":false},"excerpt":{"rendered":"<p>V\u00e4rvilised, peenikesed TPU materjalist juuksekummid. L\u00e4bim\u00f5\u00f5t &#8211; u. 10-15 mm. Pakis &#8211; 500 tk. &nbsp; &nbsp;<\/p>\n","protected":false},"featured_media":8863,"comment_status":"closed","ping_status":"closed","template":"","meta":[],"product_cat":[401,302,175],"product_tag":[],"class_list":{"0":"post-8862","1":"product","2":"type-product","3":"status-publish","4":"has-post-thumbnail","6":"product_cat-juuksuri-tarvikud","7":"product_cat-juuksekummid","8":"product_cat-soenguvahendid","10":"first","11":"instock","12":"taxable","13":"shipping-taxable","14":"purchasable","15":"product-type-simple"},"_links":{"self":[{"href":"https:\/\/saxsim.ee\/swp\/wp-json\/wp\/v2\/product\/8862"}],"collection":[{"href":"https:\/\/saxsim.ee\/swp\/wp-json\/wp\/v2\/product"}],"about":[{"href":"https:\/\/saxsim.ee\/swp\/wp-json\/wp\/v2\/types\/product"}],"replies":[{"embeddable":true,"href":"https:\/\/saxsim.ee\/swp\/wp-json\/wp\/v2\/comments?post=8862"}],"wp:featuredmedia":[{"embeddable":true,"href":"https:\/\/saxsim.ee\/swp\/wp-json\/wp\/v2\/media\/8863"}],"wp:attachment":[{"href":"https:\/\/saxsim.ee\/swp\/wp-json\/wp\/v2\/media?parent=8862"}],"wp:term":[{"taxonomy":"product_cat","embeddable":true,"href":"https:\/\/saxsim.ee\/swp\/wp-json\/wp\/v2\/product_cat?post=8862"},{"taxonomy":"product_tag","embeddable":true,"href":"https:\/\/saxsim.ee\/swp\/wp-json\/wp\/v2\/product_tag?post=8862"}],"curies":[{"name":"wp","href":"https:\/\/api.w.org\/{rel}","templated":true}]}}