{"id":8852,"date":"2021-07-25T10:28:28","date_gmt":"2021-07-25T07:28:28","guid":{"rendered":"https:\/\/www.saxsim.ee\/?post_type=product&#038;p=8852"},"modified":"2025-08-05T11:36:14","modified_gmt":"2025-08-05T08:36:14","slug":"disposable-schoulder-capes-vaikesed-kilelinad-100-tk","status":"publish","type":"product","link":"https:\/\/saxsim.ee\/swp\/product\/disposable-schoulder-capes-vaikesed-kilelinad-100-tk\/","title":{"rendered":"Disposable Schoulder Capes &#8211; v\u00e4ikesed kilelinad, 100 tk."},"content":{"rendered":"<p>\u00dchekordsed l\u00fchikesed kilelinad.<\/p>\n<p>Pakendis &#8211; 100 tk.<\/p>\n","protected":false},"excerpt":{"rendered":"<p>\u00dchekordsed l\u00fchikesed kilelinad. Pakendis &#8211; 100 tk.<\/p>\n","protected":false},"featured_media":2743,"comment_status":"closed","ping_status":"closed","template":"","meta":[],"product_cat":[577,583,401,296,291],"product_tag":[],"class_list":{"0":"post-8852","1":"product","2":"type-product","3":"status-publish","4":"has-post-thumbnail","6":"product_cat-iluteenindaja-tarvikud","7":"product_cat-uhekordsed-tooted-iluteenindaja-tarvikud","8":"product_cat-juuksuri-tarvikud","9":"product_cat-loikus-ja-varvilinad","10":"product_cat-uhekordsed-tooted","12":"first","13":"instock","14":"taxable","15":"shipping-taxable","16":"purchasable","17":"product-type-simple"},"_links":{"self":[{"href":"https:\/\/saxsim.ee\/swp\/wp-json\/wp\/v2\/product\/8852"}],"collection":[{"href":"https:\/\/saxsim.ee\/swp\/wp-json\/wp\/v2\/product"}],"about":[{"href":"https:\/\/saxsim.ee\/swp\/wp-json\/wp\/v2\/types\/product"}],"replies":[{"embeddable":true,"href":"https:\/\/saxsim.ee\/swp\/wp-json\/wp\/v2\/comments?post=8852"}],"wp:featuredmedia":[{"embeddable":true,"href":"https:\/\/saxsim.ee\/swp\/wp-json\/wp\/v2\/media\/2743"}],"wp:attachment":[{"href":"https:\/\/saxsim.ee\/swp\/wp-json\/wp\/v2\/media?parent=8852"}],"wp:term":[{"taxonomy":"product_cat","embeddable":true,"href":"https:\/\/saxsim.ee\/swp\/wp-json\/wp\/v2\/product_cat?post=8852"},{"taxonomy":"product_tag","embeddable":true,"href":"https:\/\/saxsim.ee\/swp\/wp-json\/wp\/v2\/product_tag?post=8852"}],"curies":[{"name":"wp","href":"https:\/\/api.w.org\/{rel}","templated":true}]}}