{"id":8718,"date":"2021-05-23T20:30:32","date_gmt":"2021-05-23T17:30:32","guid":{"rendered":"https:\/\/www.saxsim.ee\/?post_type=product&#038;p=8718"},"modified":"2024-02-23T09:02:03","modified_gmt":"2024-02-23T07:02:03","slug":"bphair-thinningscissors-black-55%e2%80%b3-fileerkaarid","status":"publish","type":"product","link":"https:\/\/saxsim.ee\/swp\/product\/bphair-thinningscissors-black-55%e2%80%b3-fileerkaarid\/","title":{"rendered":"BPhair Thinningscissors Black 5,5\u2033 &#8211; fileerk\u00e4\u00e4rid"},"content":{"rendered":"<p>Stiilsed ja kvaliteetsed fileerk\u00e4\u00e4rid professionaalseks kasutamiseks.<\/p>\n<p>\u2013 ergonoomilise kujuga<br \/>\n\u2013 tera pikkus 5,5\u2033<br \/>\n\u2013 Jaapani roostevabast terasest<br \/>\n\u2013 reguleerimiskruvi v\u00f5ti<br \/>\n\u2013 stiilne grafiitmust kate<br \/>\n\u2013 fikseeritud s\u00f5rmetugi<br \/>\n\u2013 s\u00f5rmer\u00f5ngad \u2013 2 tk.<br \/>\n\u2013 k\u00e4\u00e4ri\u00f5li<br \/>\n\u2013 sametine hoiukott<\/p>\n","protected":false},"excerpt":{"rendered":"<p>Stiilsed ja kvaliteetsed fileerk\u00e4\u00e4rid professionaalseks kasutamiseks. \u2013 ergonoomilise kujuga \u2013 tera pikkus 5,5\u2033 \u2013 Jaapani roostevabast terasest \u2013 reguleerimiskruvi v\u00f5ti \u2013 stiilne grafiitmust kate \u2013 fikseeritud s\u00f5rmetugi \u2013 s\u00f5rmer\u00f5ngad \u2013 2 tk. \u2013 k\u00e4\u00e4ri\u00f5li \u2013 sametine hoiukott<\/p>\n","protected":false},"featured_media":8719,"comment_status":"closed","ping_status":"closed","template":"","meta":[],"product_cat":[401,174,277],"product_tag":[],"class_list":{"0":"post-8718","1":"product","2":"type-product","3":"status-publish","4":"has-post-thumbnail","6":"product_cat-juuksuri-tarvikud","7":"product_cat-kaarid","8":"product_cat-fileerkaarid","10":"first","11":"instock","12":"taxable","13":"shipping-taxable","14":"purchasable","15":"product-type-simple"},"_links":{"self":[{"href":"https:\/\/saxsim.ee\/swp\/wp-json\/wp\/v2\/product\/8718"}],"collection":[{"href":"https:\/\/saxsim.ee\/swp\/wp-json\/wp\/v2\/product"}],"about":[{"href":"https:\/\/saxsim.ee\/swp\/wp-json\/wp\/v2\/types\/product"}],"replies":[{"embeddable":true,"href":"https:\/\/saxsim.ee\/swp\/wp-json\/wp\/v2\/comments?post=8718"}],"wp:featuredmedia":[{"embeddable":true,"href":"https:\/\/saxsim.ee\/swp\/wp-json\/wp\/v2\/media\/8719"}],"wp:attachment":[{"href":"https:\/\/saxsim.ee\/swp\/wp-json\/wp\/v2\/media?parent=8718"}],"wp:term":[{"taxonomy":"product_cat","embeddable":true,"href":"https:\/\/saxsim.ee\/swp\/wp-json\/wp\/v2\/product_cat?post=8718"},{"taxonomy":"product_tag","embeddable":true,"href":"https:\/\/saxsim.ee\/swp\/wp-json\/wp\/v2\/product_tag?post=8718"}],"curies":[{"name":"wp","href":"https:\/\/api.w.org\/{rel}","templated":true}]}}