{"id":8706,"date":"2021-05-23T19:18:40","date_gmt":"2021-05-23T16:18:40","guid":{"rendered":"https:\/\/www.saxsim.ee\/?post_type=product&#038;p=8706"},"modified":"2024-02-23T08:55:47","modified_gmt":"2024-02-23T06:55:47","slug":"bphair-scissors-basic-60-loikuskaarid","status":"publish","type":"product","link":"https:\/\/saxsim.ee\/swp\/product\/bphair-scissors-basic-60-loikuskaarid\/","title":{"rendered":"BPhair Scissors Basic 6,0&#8243; &#8211; l\u00f5ikusk\u00e4\u00e4rid"},"content":{"rendered":"<p>Kvaliteetsed k\u00e4\u00e4rid professionaalseks kasutamiseks.<\/p>\n<p>&#8211; ergonoomilise kujuga<br \/>\n&#8211; tera pikkus 6,0&#8243;<br \/>\n&#8211; Jaapani roostevabast terasest<br \/>\n&#8211; teradel dekoratiivavad<br \/>\n&#8211; reguleerimiskruvi v\u00f5ti<br \/>\n&#8211; fikseeritud s\u00f5rmetugi<br \/>\n&#8211; s\u00f5rmer\u00f5ngad \u2013 2 tk.<br \/>\n&#8211; k\u00e4\u00e4ri\u00f5li<br \/>\n&#8211; sametine hoiukott<\/p>\n","protected":false},"excerpt":{"rendered":"<p>Kvaliteetsed k\u00e4\u00e4rid professionaalseks kasutamiseks. &#8211; ergonoomilise kujuga &#8211; tera pikkus 6,0&#8243; &#8211; Jaapani roostevabast terasest &#8211; teradel dekoratiivavad &#8211; reguleerimiskruvi v\u00f5ti &#8211; fikseeritud s\u00f5rmetugi &#8211; s\u00f5rmer\u00f5ngad \u2013 2 tk. &#8211; k\u00e4\u00e4ri\u00f5li &#8211; sametine hoiukott<\/p>\n","protected":false},"featured_media":8707,"comment_status":"closed","ping_status":"closed","template":"","meta":[],"product_cat":[401,174,276],"product_tag":[],"class_list":{"0":"post-8706","1":"product","2":"type-product","3":"status-publish","4":"has-post-thumbnail","6":"product_cat-juuksuri-tarvikud","7":"product_cat-kaarid","8":"product_cat-loikuskaarid","10":"first","11":"instock","12":"taxable","13":"shipping-taxable","14":"purchasable","15":"product-type-simple"},"_links":{"self":[{"href":"https:\/\/saxsim.ee\/swp\/wp-json\/wp\/v2\/product\/8706"}],"collection":[{"href":"https:\/\/saxsim.ee\/swp\/wp-json\/wp\/v2\/product"}],"about":[{"href":"https:\/\/saxsim.ee\/swp\/wp-json\/wp\/v2\/types\/product"}],"replies":[{"embeddable":true,"href":"https:\/\/saxsim.ee\/swp\/wp-json\/wp\/v2\/comments?post=8706"}],"wp:featuredmedia":[{"embeddable":true,"href":"https:\/\/saxsim.ee\/swp\/wp-json\/wp\/v2\/media\/8707"}],"wp:attachment":[{"href":"https:\/\/saxsim.ee\/swp\/wp-json\/wp\/v2\/media?parent=8706"}],"wp:term":[{"taxonomy":"product_cat","embeddable":true,"href":"https:\/\/saxsim.ee\/swp\/wp-json\/wp\/v2\/product_cat?post=8706"},{"taxonomy":"product_tag","embeddable":true,"href":"https:\/\/saxsim.ee\/swp\/wp-json\/wp\/v2\/product_tag?post=8706"}],"curies":[{"name":"wp","href":"https:\/\/api.w.org\/{rel}","templated":true}]}}