{"id":8699,"date":"2021-05-22T09:57:46","date_gmt":"2021-05-22T06:57:46","guid":{"rendered":"https:\/\/www.saxsim.ee\/?post_type=product&#038;p=8699"},"modified":"2026-04-12T17:49:35","modified_gmt":"2026-04-12T14:49:35","slug":"sim-desispray-1000-ml-refill-desinfitseerimisvahendi-taitepudel","status":"publish","type":"product","link":"https:\/\/saxsim.ee\/swp\/product\/sim-desispray-1000-ml-refill-desinfitseerimisvahendi-taitepudel\/","title":{"rendered":"Sim Desispray 1000 ml \/ Refill  &#8211; desinfitseerimisvahendi t\u00e4itepudel"},"content":{"rendered":"<p><span class=\"VIiyi\" lang=\"et\"><span class=\"JLqJ4b ChMk0b\">Antiseptiline<\/span><\/span> desinfitseerimisaine t\u00f6\u00f6riistadele ja t\u00f6\u00f6pindadele.<\/p>\n<p>Sim Desispray on m\u00f5eldud k\u00e4\u00e4ridega, kammide, harjade, peeglite ja pindade desinfitseerimiseks. Toimeaineteks on etanool ja isopropanool, mis desinfitseerivad t\u00f5husalt ja aurustuvad kiiresti.<br \/>\nToode m\u00f5jub efektiivselt bakterite, p\u00e4rmi- ja hallitusseente vastu.<\/p>\n<p><strong>Kasutamine: <\/strong>Pihusta desinfitseeritavale pinnale v\u00f5i instrumendile ja kuivata puhta lapi v\u00f5i paberiga.<\/p>\n<div class=\"col-sm-6 col-sm-push-6\"><\/div>\n","protected":false},"excerpt":{"rendered":"<p>Antiseptiline desinfitseerimisaine t\u00f6\u00f6riistadele ja t\u00f6\u00f6pindadele. Sim Desispray on m\u00f5eldud k\u00e4\u00e4ridega, kammide, harjade, peeglite ja pindade desinfitseerimiseks. Toimeaineteks on etanool ja isopropanool, mis desinfitseerivad t\u00f5husalt ja aurustuvad kiiresti. Toode m\u00f5jub efektiivselt bakterite, p\u00e4rmi- ja hallitusseente vastu. Kasutamine: Pihusta desinfitseeritavale pinnale v\u00f5i instrumendile ja kuivata puhta lapi v\u00f5i paberiga.<\/p>\n","protected":false},"featured_media":8700,"comment_status":"closed","ping_status":"closed","template":"","meta":[],"product_cat":[266,696,600,578,599],"product_tag":[],"class_list":{"0":"post-8699","1":"product","2":"type-product","3":"status-publish","4":"has-post-thumbnail","6":"product_cat-antibac","7":"product_cat-tarvikud","8":"product_cat-puhastus-ja-desinfektsioonivahendid-iluteenindaja-tarvikud","9":"product_cat-antibac-iluteenindajale","10":"product_cat-puhastus-ja-desinfektsioonivahendid","12":"first","13":"instock","14":"taxable","15":"shipping-taxable","16":"purchasable","17":"product-type-simple"},"_links":{"self":[{"href":"https:\/\/saxsim.ee\/swp\/wp-json\/wp\/v2\/product\/8699"}],"collection":[{"href":"https:\/\/saxsim.ee\/swp\/wp-json\/wp\/v2\/product"}],"about":[{"href":"https:\/\/saxsim.ee\/swp\/wp-json\/wp\/v2\/types\/product"}],"replies":[{"embeddable":true,"href":"https:\/\/saxsim.ee\/swp\/wp-json\/wp\/v2\/comments?post=8699"}],"wp:featuredmedia":[{"embeddable":true,"href":"https:\/\/saxsim.ee\/swp\/wp-json\/wp\/v2\/media\/8700"}],"wp:attachment":[{"href":"https:\/\/saxsim.ee\/swp\/wp-json\/wp\/v2\/media?parent=8699"}],"wp:term":[{"taxonomy":"product_cat","embeddable":true,"href":"https:\/\/saxsim.ee\/swp\/wp-json\/wp\/v2\/product_cat?post=8699"},{"taxonomy":"product_tag","embeddable":true,"href":"https:\/\/saxsim.ee\/swp\/wp-json\/wp\/v2\/product_tag?post=8699"}],"curies":[{"name":"wp","href":"https:\/\/api.w.org\/{rel}","templated":true}]}}