{"id":8623,"date":"2021-04-28T08:00:37","date_gmt":"2021-04-28T05:00:37","guid":{"rendered":"https:\/\/www.saxsim.ee\/?post_type=product&#038;p=8623"},"modified":"2024-02-23T11:36:50","modified_gmt":"2024-02-23T09:36:50","slug":"shorai-thinning-sc-6030-fileerkaarid-60%e2%80%b3","status":"publish","type":"product","link":"https:\/\/saxsim.ee\/swp\/product\/shorai-thinning-sc-6030-fileerkaarid-60%e2%80%b3\/","title":{"rendered":"Sh\u014drai Thinning SC 6030 &#8211; fileerk\u00e4\u00e4rid 6,0\u2033"},"content":{"rendered":"<p><span class=\"VIiyi\" lang=\"et\"><span class=\"JLqJ4b ChMk0b\"> Jaapani terasest<\/span><\/span> Sh\u014drai fileerk\u00e4\u00e4rid on k\u00e4sitsi valmistatud. K\u00e4\u00e4rid on taskukohased ja v\u00e4ga hea kvaliteediga. Hea valik koolidele ja\u00a0alustavatele juuksuritele.<\/p>\n<p><strong>Disainielemendid:<\/strong><br \/>\n&#8211; ergonoomilise kujuga<br \/>\n&#8211; p\u00fcsiva s\u00f5rmetoega<br \/>\n&#8211; lame, s\u00fcvistatud reguleerimiskruvi<br \/>\n&#8211; 30 hambaga l\u00f5ikustera<br \/>\n&#8211; normaalse suurusega s\u00f5rmeavad<\/p>\n","protected":false},"excerpt":{"rendered":"<p>Jaapani terasest Sh\u014drai fileerk\u00e4\u00e4rid on k\u00e4sitsi valmistatud. K\u00e4\u00e4rid on taskukohased ja v\u00e4ga hea kvaliteediga. Hea valik koolidele ja\u00a0alustavatele juuksuritele. Disainielemendid: &#8211; ergonoomilise kujuga &#8211; p\u00fcsiva s\u00f5rmetoega &#8211; lame, s\u00fcvistatud reguleerimiskruvi &#8211; 30 hambaga l\u00f5ikustera &#8211; normaalse suurusega s\u00f5rmeavad<\/p>\n","protected":false},"featured_media":8624,"comment_status":"closed","ping_status":"closed","template":"","meta":[],"product_cat":[706,401,174,277],"product_tag":[],"class_list":{"0":"post-8623","1":"product","2":"type-product","3":"status-publish","4":"has-post-thumbnail","6":"product_cat-shorai","7":"product_cat-juuksuri-tarvikud","8":"product_cat-kaarid","9":"product_cat-fileerkaarid","11":"first","12":"instock","13":"taxable","14":"shipping-taxable","15":"purchasable","16":"product-type-simple"},"_links":{"self":[{"href":"https:\/\/saxsim.ee\/swp\/wp-json\/wp\/v2\/product\/8623"}],"collection":[{"href":"https:\/\/saxsim.ee\/swp\/wp-json\/wp\/v2\/product"}],"about":[{"href":"https:\/\/saxsim.ee\/swp\/wp-json\/wp\/v2\/types\/product"}],"replies":[{"embeddable":true,"href":"https:\/\/saxsim.ee\/swp\/wp-json\/wp\/v2\/comments?post=8623"}],"wp:featuredmedia":[{"embeddable":true,"href":"https:\/\/saxsim.ee\/swp\/wp-json\/wp\/v2\/media\/8624"}],"wp:attachment":[{"href":"https:\/\/saxsim.ee\/swp\/wp-json\/wp\/v2\/media?parent=8623"}],"wp:term":[{"taxonomy":"product_cat","embeddable":true,"href":"https:\/\/saxsim.ee\/swp\/wp-json\/wp\/v2\/product_cat?post=8623"},{"taxonomy":"product_tag","embeddable":true,"href":"https:\/\/saxsim.ee\/swp\/wp-json\/wp\/v2\/product_tag?post=8623"}],"curies":[{"name":"wp","href":"https:\/\/api.w.org\/{rel}","templated":true}]}}