{"id":8545,"date":"2021-04-04T10:21:24","date_gmt":"2021-04-04T07:21:24","guid":{"rendered":"https:\/\/www.saxsim.ee\/?post_type=product&#038;p=8545"},"modified":"2025-07-05T17:54:43","modified_gmt":"2025-07-05T14:54:43","slug":"forme-essentials-dry-shampoo-300-ml-kuivsampoon","status":"publish","type":"product","link":"https:\/\/saxsim.ee\/swp\/product\/forme-essentials-dry-shampoo-300-ml-kuivsampoon\/","title":{"rendered":"Forme Essentials Dry Shampoo 300 ml &#8211; kuiv\u0161ampoon"},"content":{"rendered":"<p><span class=\"VIiyi\" lang=\"et\"><span class=\"JLqJ4b ChMk0b\">Kaera\u00f5li sisaldav kuiv\u0161ampoon k\u00f5ikidele juustet\u00fc\u00fcpidele.<\/span><\/span><\/p>\n<p><span class=\"VIiyi\" lang=\"et\"><span class=\"JLqJ4b ChMk0b\">Seob t\u00f5husalt juustele ja peanahale kogunenud viimistlusainete j\u00e4\u00e4gid ja rasu, andes koheselt v\u00e4rskuse tunde.<\/span> <span class=\"JLqJ4b ChMk0b\">Kuiv\u0161ampooni abil lisate juustele struktuuri ja vol\u00fc\u00fcmi.<\/span> <\/span>Sisaldab UV-kaitset. Vegan.<\/p>\n<p><strong>Kasutamine: <\/strong>Enne kasutamist raputa. Pihusta \u00fchtlaselt 25 \u2013 30 cm kauguselt juustele. Kammi\/harja juuksed l\u00e4bi.<\/p>\n","protected":false},"excerpt":{"rendered":"<p>Kaera\u00f5li sisaldav kuiv\u0161ampoon k\u00f5ikidele juustet\u00fc\u00fcpidele. Seob t\u00f5husalt juustele ja peanahale kogunenud viimistlusainete j\u00e4\u00e4gid ja rasu, andes koheselt v\u00e4rskuse tunde. Kuiv\u0161ampooni abil lisate juustele struktuuri ja vol\u00fc\u00fcmi. Sisaldab UV-kaitset. Vegan. Kasutamine: Enne kasutamist raputa. Pihusta \u00fchtlaselt 25 \u2013 30 cm kauguselt juustele. Kammi\/harja juuksed l\u00e4bi.<\/p>\n","protected":false},"featured_media":8546,"comment_status":"closed","ping_status":"closed","template":"","meta":[],"product_cat":[752,395,681,692],"product_tag":[],"class_list":{"0":"post-8545","1":"product","2":"type-product","3":"status-publish","4":"has-post-thumbnail","6":"product_cat-forme-essentials","7":"product_cat-juuksed","8":"product_cat-viimistlus","9":"product_cat-kuivsampoonid","11":"first","12":"instock","13":"taxable","14":"shipping-taxable","15":"purchasable","16":"product-type-simple"},"_links":{"self":[{"href":"https:\/\/saxsim.ee\/swp\/wp-json\/wp\/v2\/product\/8545"}],"collection":[{"href":"https:\/\/saxsim.ee\/swp\/wp-json\/wp\/v2\/product"}],"about":[{"href":"https:\/\/saxsim.ee\/swp\/wp-json\/wp\/v2\/types\/product"}],"replies":[{"embeddable":true,"href":"https:\/\/saxsim.ee\/swp\/wp-json\/wp\/v2\/comments?post=8545"}],"wp:featuredmedia":[{"embeddable":true,"href":"https:\/\/saxsim.ee\/swp\/wp-json\/wp\/v2\/media\/8546"}],"wp:attachment":[{"href":"https:\/\/saxsim.ee\/swp\/wp-json\/wp\/v2\/media?parent=8545"}],"wp:term":[{"taxonomy":"product_cat","embeddable":true,"href":"https:\/\/saxsim.ee\/swp\/wp-json\/wp\/v2\/product_cat?post=8545"},{"taxonomy":"product_tag","embeddable":true,"href":"https:\/\/saxsim.ee\/swp\/wp-json\/wp\/v2\/product_tag?post=8545"}],"curies":[{"name":"wp","href":"https:\/\/api.w.org\/{rel}","templated":true}]}}