{"id":8379,"date":"2021-02-17T07:44:30","date_gmt":"2021-02-17T05:44:30","guid":{"rendered":"https:\/\/www.saxsim.ee\/?post_type=product&#038;p=8379"},"modified":"2025-07-06T10:25:17","modified_gmt":"2025-07-06T07:25:17","slug":"ds-strong-matte-clay-50-ml-tugev-matt-juuksevaha","status":"publish","type":"product","link":"https:\/\/saxsim.ee\/swp\/product\/ds-strong-matte-clay-50-ml-tugev-matt-juuksevaha\/","title":{"rendered":"DS Strong Matte Clay 50 ml. &#8211; tugev matt juuksevaha"},"content":{"rendered":"<p><span id=\"result_box\" class=\"\" lang=\"et\"><\/span>L\u00f5hnastamata, tugev, matt juuksevaha. <span class=\"VIiyi\" lang=\"et\"><span class=\"JLqJ4b ChMk0b\">T\u00f5eline multifunktsionaalne toode, mis annab juustele kohevust ja kontrolli.<\/span> <span class=\"JLqJ4b ChMk0b\">Savip\u00f5hine vaha on kuiva tekstuuri, tugeva pidamisega ja sobib ideaalselt soengu \u00fcksikasjade r\u00f5hutamiseks. Elastne koostis tagab lihtsa t\u00f6\u00f6tlemise, mati viimistluse ja on kergesti mahapestav. <\/span><span class=\"JLqJ4b ChMk0b\">Sobib eriti h\u00e4sti l\u00fchikestele, paksudele, j\u00e4ikadele ja raskesti kontrollitavatele juustele. <\/span><\/span>Sisaldab UV-kaitset. <span class=\"VIiyi\" lang=\"et\"><span class=\"JLqJ4b ChMk0b\">Vegan<\/span><\/span>.<\/p>\n<p><strong><u>Kasutamine:<\/u><\/strong>\u00a0Soojenda\u00a0v\u00e4ike kogus vaha k\u00e4te vahel, kanna niisketesse v\u00f5i kuivadesse juustesse ja vormi soeng.<\/p>\n","protected":false},"excerpt":{"rendered":"<p>L\u00f5hnastamata, tugev, matt juuksevaha. T\u00f5eline multifunktsionaalne toode, mis annab juustele kohevust ja kontrolli. Savip\u00f5hine vaha on kuiva tekstuuri, tugeva pidamisega ja sobib ideaalselt soengu \u00fcksikasjade r\u00f5hutamiseks. Elastne koostis tagab lihtsa t\u00f6\u00f6tlemise, mati viimistluse ja on kergesti mahapestav. Sobib eriti h\u00e4sti l\u00fchikestele, paksudele, j\u00e4ikadele ja raskesti kontrollitavatele juustele. Sisaldab UV-kaitset. Vegan. Kasutamine:\u00a0Soojenda\u00a0v\u00e4ike kogus vaha k\u00e4te vahel, [&hellip;]<\/p>\n","protected":false},"featured_media":8380,"comment_status":"closed","ping_status":"closed","template":"","meta":[],"product_cat":[728,395,684],"product_tag":[],"class_list":{"0":"post-8379","1":"product","2":"type-product","3":"status-publish","4":"has-post-thumbnail","6":"product_cat-ds","7":"product_cat-juuksed","8":"product_cat-juuksevahad","10":"first","11":"instock","12":"taxable","13":"shipping-taxable","14":"purchasable","15":"product-type-simple"},"_links":{"self":[{"href":"https:\/\/saxsim.ee\/swp\/wp-json\/wp\/v2\/product\/8379"}],"collection":[{"href":"https:\/\/saxsim.ee\/swp\/wp-json\/wp\/v2\/product"}],"about":[{"href":"https:\/\/saxsim.ee\/swp\/wp-json\/wp\/v2\/types\/product"}],"replies":[{"embeddable":true,"href":"https:\/\/saxsim.ee\/swp\/wp-json\/wp\/v2\/comments?post=8379"}],"wp:featuredmedia":[{"embeddable":true,"href":"https:\/\/saxsim.ee\/swp\/wp-json\/wp\/v2\/media\/8380"}],"wp:attachment":[{"href":"https:\/\/saxsim.ee\/swp\/wp-json\/wp\/v2\/media?parent=8379"}],"wp:term":[{"taxonomy":"product_cat","embeddable":true,"href":"https:\/\/saxsim.ee\/swp\/wp-json\/wp\/v2\/product_cat?post=8379"},{"taxonomy":"product_tag","embeddable":true,"href":"https:\/\/saxsim.ee\/swp\/wp-json\/wp\/v2\/product_tag?post=8379"}],"curies":[{"name":"wp","href":"https:\/\/api.w.org\/{rel}","templated":true}]}}