{"id":8329,"date":"2021-01-29T17:06:44","date_gmt":"2021-01-29T15:06:44","guid":{"rendered":"https:\/\/www.saxsim.ee\/?post_type=product&#038;p=8329"},"modified":"2024-01-21T11:11:05","modified_gmt":"2024-01-21T09:11:05","slug":"sensido-rose-gold-38-55-fileerkaarid","status":"publish","type":"product","link":"https:\/\/saxsim.ee\/swp\/product\/sensido-rose-gold-38-55-fileerkaarid\/","title":{"rendered":"SensiDO Rose Gold 38, 5,5&#8243; &#8211; fileerk\u00e4\u00e4rid"},"content":{"rendered":"<p>38-hambaga fileerk\u00e4\u00e4rid.<\/p>\n<p>&nbsp;<\/p>\n","protected":false},"excerpt":{"rendered":"<p>38-hambaga fileerk\u00e4\u00e4rid. &nbsp;<\/p>\n","protected":false},"featured_media":8330,"comment_status":"closed","ping_status":"closed","template":"","meta":[],"product_cat":[401,174,277],"product_tag":[],"class_list":{"0":"post-8329","1":"product","2":"type-product","3":"status-publish","4":"has-post-thumbnail","6":"product_cat-juuksuri-tarvikud","7":"product_cat-kaarid","8":"product_cat-fileerkaarid","10":"first","11":"outofstock","12":"taxable","13":"shipping-taxable","14":"purchasable","15":"product-type-simple"},"_links":{"self":[{"href":"https:\/\/saxsim.ee\/swp\/wp-json\/wp\/v2\/product\/8329"}],"collection":[{"href":"https:\/\/saxsim.ee\/swp\/wp-json\/wp\/v2\/product"}],"about":[{"href":"https:\/\/saxsim.ee\/swp\/wp-json\/wp\/v2\/types\/product"}],"replies":[{"embeddable":true,"href":"https:\/\/saxsim.ee\/swp\/wp-json\/wp\/v2\/comments?post=8329"}],"wp:featuredmedia":[{"embeddable":true,"href":"https:\/\/saxsim.ee\/swp\/wp-json\/wp\/v2\/media\/8330"}],"wp:attachment":[{"href":"https:\/\/saxsim.ee\/swp\/wp-json\/wp\/v2\/media?parent=8329"}],"wp:term":[{"taxonomy":"product_cat","embeddable":true,"href":"https:\/\/saxsim.ee\/swp\/wp-json\/wp\/v2\/product_cat?post=8329"},{"taxonomy":"product_tag","embeddable":true,"href":"https:\/\/saxsim.ee\/swp\/wp-json\/wp\/v2\/product_tag?post=8329"}],"curies":[{"name":"wp","href":"https:\/\/api.w.org\/{rel}","templated":true}]}}