{"id":8327,"date":"2021-01-29T17:02:02","date_gmt":"2021-01-29T15:02:02","guid":{"rendered":"https:\/\/www.saxsim.ee\/?post_type=product&#038;p=8327"},"modified":"2024-01-21T11:09:46","modified_gmt":"2024-01-21T09:09:46","slug":"sensido-rose-gold-55-55%e2%80%b3-loikuskaarid","status":"publish","type":"product","link":"https:\/\/saxsim.ee\/swp\/product\/sensido-rose-gold-55-55%e2%80%b3-loikuskaarid\/","title":{"rendered":"SensiDO Rose Gold 5,5&#8243; ( 5,5\u2033 ) &#8211; l\u00f5ikusk\u00e4\u00e4rid"},"content":{"rendered":"<p>L\u00f5ikusk\u00e4\u00e4rid.<\/p>\n<p>&nbsp;<\/p>\n","protected":false},"excerpt":{"rendered":"<p>L\u00f5ikusk\u00e4\u00e4rid. &nbsp;<\/p>\n","protected":false},"featured_media":8332,"comment_status":"closed","ping_status":"closed","template":"","meta":[],"product_cat":[401,174,276],"product_tag":[],"class_list":{"0":"post-8327","1":"product","2":"type-product","3":"status-publish","4":"has-post-thumbnail","6":"product_cat-juuksuri-tarvikud","7":"product_cat-kaarid","8":"product_cat-loikuskaarid","10":"first","11":"outofstock","12":"taxable","13":"shipping-taxable","14":"purchasable","15":"product-type-simple"},"_links":{"self":[{"href":"https:\/\/saxsim.ee\/swp\/wp-json\/wp\/v2\/product\/8327"}],"collection":[{"href":"https:\/\/saxsim.ee\/swp\/wp-json\/wp\/v2\/product"}],"about":[{"href":"https:\/\/saxsim.ee\/swp\/wp-json\/wp\/v2\/types\/product"}],"replies":[{"embeddable":true,"href":"https:\/\/saxsim.ee\/swp\/wp-json\/wp\/v2\/comments?post=8327"}],"wp:featuredmedia":[{"embeddable":true,"href":"https:\/\/saxsim.ee\/swp\/wp-json\/wp\/v2\/media\/8332"}],"wp:attachment":[{"href":"https:\/\/saxsim.ee\/swp\/wp-json\/wp\/v2\/media?parent=8327"}],"wp:term":[{"taxonomy":"product_cat","embeddable":true,"href":"https:\/\/saxsim.ee\/swp\/wp-json\/wp\/v2\/product_cat?post=8327"},{"taxonomy":"product_tag","embeddable":true,"href":"https:\/\/saxsim.ee\/swp\/wp-json\/wp\/v2\/product_tag?post=8327"}],"curies":[{"name":"wp","href":"https:\/\/api.w.org\/{rel}","templated":true}]}}