{"id":8323,"date":"2021-01-28T12:10:55","date_gmt":"2021-01-28T10:10:55","guid":{"rendered":"https:\/\/www.saxsim.ee\/?post_type=product&#038;p=8323"},"modified":"2025-12-03T10:36:32","modified_gmt":"2025-12-03T08:36:32","slug":"e-cut-t36-thinning-scissors-55-fileerkaarid","status":"publish","type":"product","link":"https:\/\/saxsim.ee\/swp\/product\/e-cut-t36-thinning-scissors-55-fileerkaarid\/","title":{"rendered":"E-Cut T36 Thinning Scissors 5,5&#8243; &#8211; fileerk\u00e4\u00e4rid"},"content":{"rendered":"<p>Klassikalise kujuga juuksuri fileerk\u00e4\u00e4rid on valmistatud karastatud 420C roostevabast terasest. K\u00e4\u00e4ridel on \u00fcks mikrohammastega ( micro-serrated ) tera ja \u00fcks poleeritud servaga tera. Eemaldatav s\u00f5rmetugi ja suured s\u00f5rmeavad tagavad <span class=\"VIiyi\" lang=\"et\"><span class=\"JLqJ4b ChMk0b\">suurep\u00e4rase mugavuse igale juuksurile.<\/span><\/span><\/p>\n<p><strong>Disainielemendid:<\/strong><br \/>\nklassikalise kujuga<br \/>\n36 hambaga, mikro-sakkidega l\u00f5ikustera<br \/>\neemaldatava s\u00f5rmetoega<br \/>\nlame, s\u00fcvistatud reguleerimiskruvi<br \/>\nHRC: 54-56<\/p>\n<p>Tootja &#8211;<\/p>\n","protected":false},"excerpt":{"rendered":"<p>Klassikalise kujuga juuksuri fileerk\u00e4\u00e4rid on valmistatud karastatud 420C roostevabast terasest. K\u00e4\u00e4ridel on \u00fcks mikrohammastega ( micro-serrated ) tera ja \u00fcks poleeritud servaga tera. Eemaldatav s\u00f5rmetugi ja suured s\u00f5rmeavad tagavad suurep\u00e4rase mugavuse igale juuksurile. Disainielemendid: klassikalise kujuga 36 hambaga, mikro-sakkidega l\u00f5ikustera eemaldatava s\u00f5rmetoega lame, s\u00fcvistatud reguleerimiskruvi HRC: 54-56 Tootja &#8211;<\/p>\n","protected":false},"featured_media":8324,"comment_status":"closed","ping_status":"closed","template":"","meta":[],"product_cat":[401,174,277],"product_tag":[],"class_list":{"0":"post-8323","1":"product","2":"type-product","3":"status-publish","4":"has-post-thumbnail","6":"product_cat-juuksuri-tarvikud","7":"product_cat-kaarid","8":"product_cat-fileerkaarid","10":"first","11":"instock","12":"taxable","13":"shipping-taxable","14":"purchasable","15":"product-type-simple"},"_links":{"self":[{"href":"https:\/\/saxsim.ee\/swp\/wp-json\/wp\/v2\/product\/8323"}],"collection":[{"href":"https:\/\/saxsim.ee\/swp\/wp-json\/wp\/v2\/product"}],"about":[{"href":"https:\/\/saxsim.ee\/swp\/wp-json\/wp\/v2\/types\/product"}],"replies":[{"embeddable":true,"href":"https:\/\/saxsim.ee\/swp\/wp-json\/wp\/v2\/comments?post=8323"}],"wp:featuredmedia":[{"embeddable":true,"href":"https:\/\/saxsim.ee\/swp\/wp-json\/wp\/v2\/media\/8324"}],"wp:attachment":[{"href":"https:\/\/saxsim.ee\/swp\/wp-json\/wp\/v2\/media?parent=8323"}],"wp:term":[{"taxonomy":"product_cat","embeddable":true,"href":"https:\/\/saxsim.ee\/swp\/wp-json\/wp\/v2\/product_cat?post=8323"},{"taxonomy":"product_tag","embeddable":true,"href":"https:\/\/saxsim.ee\/swp\/wp-json\/wp\/v2\/product_tag?post=8323"}],"curies":[{"name":"wp","href":"https:\/\/api.w.org\/{rel}","templated":true}]}}