{"id":8305,"date":"2021-01-25T15:57:27","date_gmt":"2021-01-25T13:57:27","guid":{"rendered":"https:\/\/www.saxsim.ee\/?post_type=product&#038;p=8305"},"modified":"2024-03-06T10:33:17","modified_gmt":"2024-03-06T08:33:17","slug":"e-cut-cutting-scissors-6-loikuskaarid","status":"publish","type":"product","link":"https:\/\/saxsim.ee\/swp\/product\/e-cut-cutting-scissors-6-loikuskaarid\/","title":{"rendered":"E-Cut Cutting Scissors 6&#8243; &#8211; l\u00f5ikusk\u00e4\u00e4rid"},"content":{"rendered":"<p>Klassikalise kujuga juuksuri k\u00e4\u00e4rid on valmistatud karastatud 420C roostevabast terasest. K\u00e4\u00e4ridel on \u00fcks mikrohammastega ( micro-serrated ) tera ja \u00fcks poleeritud servaga tera. Eemaldatav s\u00f5rmetugi ja suured s\u00f5rmeavad tagavad <span class=\"VIiyi\" lang=\"et\"><span class=\"JLqJ4b ChMk0b\">suurep\u00e4rase mugavuse igale juuksurile.<\/span><\/span><\/p>\n<p><strong>Disainielemendid:<\/strong><br \/>\nklassikalise kujuga<br \/>\neemaldatava s\u00f5rmetoega<br \/>\nlame, s\u00fcvistatud reguleerimiskruvi<br \/>\nHRC: 54-56<br \/>\nE-Cut k\u00e4\u00e4re on saadaval 4 erinevas suuruses ( 5\u2033 \/ 5,5\u2033 \/ 6\u2033 \/ 6,5&#8243; ).<\/p>\n","protected":false},"excerpt":{"rendered":"<p>Klassikalise kujuga juuksuri k\u00e4\u00e4rid on valmistatud karastatud 420C roostevabast terasest. K\u00e4\u00e4ridel on \u00fcks mikrohammastega ( micro-serrated ) tera ja \u00fcks poleeritud servaga tera. Eemaldatav s\u00f5rmetugi ja suured s\u00f5rmeavad tagavad suurep\u00e4rase mugavuse igale juuksurile. Disainielemendid: klassikalise kujuga eemaldatava s\u00f5rmetoega lame, s\u00fcvistatud reguleerimiskruvi HRC: 54-56 E-Cut k\u00e4\u00e4re on saadaval 4 erinevas suuruses ( 5\u2033 \/ 5,5\u2033 \/ [&hellip;]<\/p>\n","protected":false},"featured_media":8306,"comment_status":"closed","ping_status":"closed","template":"","meta":[],"product_cat":[401,174,276],"product_tag":[],"class_list":{"0":"post-8305","1":"product","2":"type-product","3":"status-publish","4":"has-post-thumbnail","6":"product_cat-juuksuri-tarvikud","7":"product_cat-kaarid","8":"product_cat-loikuskaarid","10":"first","11":"instock","12":"taxable","13":"shipping-taxable","14":"purchasable","15":"product-type-simple"},"_links":{"self":[{"href":"https:\/\/saxsim.ee\/swp\/wp-json\/wp\/v2\/product\/8305"}],"collection":[{"href":"https:\/\/saxsim.ee\/swp\/wp-json\/wp\/v2\/product"}],"about":[{"href":"https:\/\/saxsim.ee\/swp\/wp-json\/wp\/v2\/types\/product"}],"replies":[{"embeddable":true,"href":"https:\/\/saxsim.ee\/swp\/wp-json\/wp\/v2\/comments?post=8305"}],"wp:featuredmedia":[{"embeddable":true,"href":"https:\/\/saxsim.ee\/swp\/wp-json\/wp\/v2\/media\/8306"}],"wp:attachment":[{"href":"https:\/\/saxsim.ee\/swp\/wp-json\/wp\/v2\/media?parent=8305"}],"wp:term":[{"taxonomy":"product_cat","embeddable":true,"href":"https:\/\/saxsim.ee\/swp\/wp-json\/wp\/v2\/product_cat?post=8305"},{"taxonomy":"product_tag","embeddable":true,"href":"https:\/\/saxsim.ee\/swp\/wp-json\/wp\/v2\/product_tag?post=8305"}],"curies":[{"name":"wp","href":"https:\/\/api.w.org\/{rel}","templated":true}]}}