{"id":8292,"date":"2021-01-25T11:19:30","date_gmt":"2021-01-25T09:19:30","guid":{"rendered":"https:\/\/www.saxsim.ee\/?post_type=product&#038;p=8292"},"modified":"2025-08-05T08:45:59","modified_gmt":"2025-08-05T05:45:59","slug":"bubble-meche-50-m-pehmed-vahtribad-varvimiseks","status":"publish","type":"product","link":"https:\/\/saxsim.ee\/swp\/product\/bubble-meche-50-m-pehmed-vahtribad-varvimiseks\/","title":{"rendered":"Bubble Meche 50 m. &#8211; pehmed vahtribad v\u00e4rvimiseks"},"content":{"rendered":"<p>Isesoojenevad, p<span id=\"x33101_7_n\" class=\"n\">erforeeritud, <\/span>pehmed vahtribad k\u00f5ikideks salgutamistehnikateks.<\/p>\n<p>Rullis &#8211; 50 m. ( u. 166 riba )<\/p>\n<p>Riba m\u00f5\u00f5dud &#8211; 11 x 30 cm.<\/p>\n<p>Pakis &#8211; 1 rull<\/p>\n","protected":false},"excerpt":{"rendered":"<p>Isesoojenevad, perforeeritud, pehmed vahtribad k\u00f5ikideks salgutamistehnikateks. Rullis &#8211; 50 m. ( u. 166 riba ) Riba m\u00f5\u00f5dud &#8211; 11 x 30 cm. Pakis &#8211; 1 rull<\/p>\n","protected":false},"featured_media":8293,"comment_status":"closed","ping_status":"closed","template":"","meta":[],"product_cat":[401,291,347,176],"product_tag":[],"class_list":{"0":"post-8292","1":"product","2":"type-product","3":"status-publish","4":"has-post-thumbnail","6":"product_cat-juuksuri-tarvikud","7":"product_cat-uhekordsed-tooted","8":"product_cat-salgupaber-ja-kile","9":"product_cat-varvitarvikud","11":"first","12":"instock","13":"taxable","14":"shipping-taxable","15":"purchasable","16":"product-type-simple"},"_links":{"self":[{"href":"https:\/\/saxsim.ee\/swp\/wp-json\/wp\/v2\/product\/8292"}],"collection":[{"href":"https:\/\/saxsim.ee\/swp\/wp-json\/wp\/v2\/product"}],"about":[{"href":"https:\/\/saxsim.ee\/swp\/wp-json\/wp\/v2\/types\/product"}],"replies":[{"embeddable":true,"href":"https:\/\/saxsim.ee\/swp\/wp-json\/wp\/v2\/comments?post=8292"}],"wp:featuredmedia":[{"embeddable":true,"href":"https:\/\/saxsim.ee\/swp\/wp-json\/wp\/v2\/media\/8293"}],"wp:attachment":[{"href":"https:\/\/saxsim.ee\/swp\/wp-json\/wp\/v2\/media?parent=8292"}],"wp:term":[{"taxonomy":"product_cat","embeddable":true,"href":"https:\/\/saxsim.ee\/swp\/wp-json\/wp\/v2\/product_cat?post=8292"},{"taxonomy":"product_tag","embeddable":true,"href":"https:\/\/saxsim.ee\/swp\/wp-json\/wp\/v2\/product_tag?post=8292"}],"curies":[{"name":"wp","href":"https:\/\/api.w.org\/{rel}","templated":true}]}}