{"id":8199,"date":"2020-12-24T15:08:13","date_gmt":"2020-12-24T13:08:13","guid":{"rendered":"https:\/\/www.saxsim.ee\/?post_type=product&#038;p=8199"},"modified":"2025-07-06T18:31:18","modified_gmt":"2025-07-06T15:31:18","slug":"moser-lipro-2-mini-trimmer","status":"publish","type":"product","link":"https:\/\/saxsim.ee\/swp\/product\/moser-lipro-2-mini-trimmer\/","title":{"rendered":"Moser Li+Pro 2 Mini &#8211; trimmer"},"content":{"rendered":"<p>Kerge, vaikne, juhtmega\/juhtmeta, Diamond Blade v\u00f5i\u00a0 Magic Blade II teras\u00fcsteemiga\u00a0trimmer.<\/p>\n<p><strong>Tehnilised andmed:<\/strong><br \/>\nLi-Ion aku<br \/>\n3 kiirust ( 4500, 5500, 6000 p\/min )<br \/>\nakutoitel t\u00f6\u00f6tab &#8211; 120 min.<br \/>\naku laadimisaeg &#8211; 80 min.<br \/>\nl\u00f5iketera k\u00f5rgus &#8211; 0,4 mm.<br \/>\nkaal &#8211; 120 g.<br \/>\njuhe &#8211; 3 m.<\/p>\n<p><strong>Komplektis:<\/strong><br \/>\n1 Diamond Blade tera ( laius &#8211; 32 mm. )<br \/>\n1 reguleeritav l\u00f5ikustald ( 3 &#8211; 6 mm. )<br \/>\nlaadimisalus koos juhtmega<br \/>\npuhastushari<br \/>\nmasina\u00f5li<\/p>\n<p>ENNE SEADME ESMAKORDSET KASUTAMIST LUGEGE OHUTUSJUHISED JA KASUTUSJUHEND T\u00c4IELIKULT L\u00c4BI NING P\u00dc\u00dcDKE NEIST ARU SAADA!<\/p>\n","protected":false},"excerpt":{"rendered":"<p>Kerge, vaikne, juhtmega\/juhtmeta, Diamond Blade v\u00f5i\u00a0 Magic Blade II teras\u00fcsteemiga\u00a0trimmer. Tehnilised andmed: Li-Ion aku 3 kiirust ( 4500, 5500, 6000 p\/min ) akutoitel t\u00f6\u00f6tab &#8211; 120 min. aku laadimisaeg &#8211; 80 min. l\u00f5iketera k\u00f5rgus &#8211; 0,4 mm. kaal &#8211; 120 g. juhe &#8211; 3 m. Komplektis: 1 Diamond Blade tera ( laius &#8211; 32 mm. [&hellip;]<\/p>\n","protected":false},"featured_media":8200,"comment_status":"closed","ping_status":"closed","template":"","meta":[],"product_cat":[668,401,280,286],"product_tag":[],"class_list":{"0":"post-8199","1":"product","2":"type-product","3":"status-publish","4":"has-post-thumbnail","6":"product_cat-moser","7":"product_cat-juuksuri-tarvikud","8":"product_cat-elektrilised-toovahendid","9":"product_cat-loikusmasinad-ja-trimmerid","11":"first","12":"outofstock","13":"taxable","14":"shipping-taxable","15":"purchasable","16":"product-type-simple"},"_links":{"self":[{"href":"https:\/\/saxsim.ee\/swp\/wp-json\/wp\/v2\/product\/8199"}],"collection":[{"href":"https:\/\/saxsim.ee\/swp\/wp-json\/wp\/v2\/product"}],"about":[{"href":"https:\/\/saxsim.ee\/swp\/wp-json\/wp\/v2\/types\/product"}],"replies":[{"embeddable":true,"href":"https:\/\/saxsim.ee\/swp\/wp-json\/wp\/v2\/comments?post=8199"}],"wp:featuredmedia":[{"embeddable":true,"href":"https:\/\/saxsim.ee\/swp\/wp-json\/wp\/v2\/media\/8200"}],"wp:attachment":[{"href":"https:\/\/saxsim.ee\/swp\/wp-json\/wp\/v2\/media?parent=8199"}],"wp:term":[{"taxonomy":"product_cat","embeddable":true,"href":"https:\/\/saxsim.ee\/swp\/wp-json\/wp\/v2\/product_cat?post=8199"},{"taxonomy":"product_tag","embeddable":true,"href":"https:\/\/saxsim.ee\/swp\/wp-json\/wp\/v2\/product_tag?post=8199"}],"curies":[{"name":"wp","href":"https:\/\/api.w.org\/{rel}","templated":true}]}}