{"id":8197,"date":"2020-12-24T14:58:50","date_gmt":"2020-12-24T12:58:50","guid":{"rendered":"https:\/\/www.saxsim.ee\/?post_type=product&#038;p=8197"},"modified":"2025-02-15T08:57:14","modified_gmt":"2025-02-15T06:57:14","slug":"moser-lipro-2-loikusmasin","status":"publish","type":"product","link":"https:\/\/saxsim.ee\/swp\/product\/moser-lipro-2-loikusmasin\/","title":{"rendered":"Moser Li+Pro 2 &#8211; l\u00f5ikusmasin"},"content":{"rendered":"<p>V\u00f5imas, \u00fchtlase kiirusega, juhtmega\/juhtmeta, Diamond Blade v\u00f5i\u00a0 Magic Blade II teras\u00fcsteemiga juuksel\u00f5ikusmasin.<\/p>\n<p><strong>Tehnilised andmed:<\/strong><br \/>\nLi-Ion aku<br \/>\n3 kiirust ( 4100, 5200, 5600 p\/min )<br \/>\nakutoitel t\u00f6\u00f6tab &#8211; 160 min.<br \/>\naku laadimisaeg &#8211; 80 min.<br \/>\nl\u00f5iketera pikkuse reguleerimine (0,7 &#8211; 3 mm.)<br \/>\nkaal &#8211; 270 g.<br \/>\njuhe &#8211; 3 m.<br \/>\nkasutajas\u00f5bralik LED-ekraan<br \/>\ntera \u00f5litamise ja puhastamise m\u00e4rgutuli<\/p>\n<p><strong>Komplektis:<\/strong><br \/>\n1 Diamond Blade tera ( laius &#8211; 46 mm. )<br \/>\n6 erinevat l\u00f5ikustalda ( 3 &#8211; 25 mm. )<br \/>\nlaadimisalus koos juhtmega<br \/>\npuhastushari<br \/>\nmasina\u00f5li<\/p>\n<p>ENNE SEADME ESMAKORDSET KASUTAMIST LUGEGE OHUTUSJUHISED JA KASUTUSJUHEND T\u00c4IELIKULT L\u00c4BI NING P\u00dc\u00dcDKE NEIST ARU SAADA!<\/p>\n","protected":false},"excerpt":{"rendered":"<p>V\u00f5imas, \u00fchtlase kiirusega, juhtmega\/juhtmeta, Diamond Blade v\u00f5i\u00a0 Magic Blade II teras\u00fcsteemiga juuksel\u00f5ikusmasin. Tehnilised andmed: Li-Ion aku 3 kiirust ( 4100, 5200, 5600 p\/min ) akutoitel t\u00f6\u00f6tab &#8211; 160 min. aku laadimisaeg &#8211; 80 min. l\u00f5iketera pikkuse reguleerimine (0,7 &#8211; 3 mm.) kaal &#8211; 270 g. juhe &#8211; 3 m. kasutajas\u00f5bralik LED-ekraan tera \u00f5litamise ja puhastamise [&hellip;]<\/p>\n","protected":false},"featured_media":8198,"comment_status":"closed","ping_status":"closed","template":"","meta":[],"product_cat":[668,401,280,286],"product_tag":[],"class_list":{"0":"post-8197","1":"product","2":"type-product","3":"status-publish","4":"has-post-thumbnail","6":"product_cat-moser","7":"product_cat-juuksuri-tarvikud","8":"product_cat-elektrilised-toovahendid","9":"product_cat-loikusmasinad-ja-trimmerid","11":"first","12":"outofstock","13":"taxable","14":"shipping-taxable","15":"purchasable","16":"product-type-simple"},"_links":{"self":[{"href":"https:\/\/saxsim.ee\/swp\/wp-json\/wp\/v2\/product\/8197"}],"collection":[{"href":"https:\/\/saxsim.ee\/swp\/wp-json\/wp\/v2\/product"}],"about":[{"href":"https:\/\/saxsim.ee\/swp\/wp-json\/wp\/v2\/types\/product"}],"replies":[{"embeddable":true,"href":"https:\/\/saxsim.ee\/swp\/wp-json\/wp\/v2\/comments?post=8197"}],"wp:featuredmedia":[{"embeddable":true,"href":"https:\/\/saxsim.ee\/swp\/wp-json\/wp\/v2\/media\/8198"}],"wp:attachment":[{"href":"https:\/\/saxsim.ee\/swp\/wp-json\/wp\/v2\/media?parent=8197"}],"wp:term":[{"taxonomy":"product_cat","embeddable":true,"href":"https:\/\/saxsim.ee\/swp\/wp-json\/wp\/v2\/product_cat?post=8197"},{"taxonomy":"product_tag","embeddable":true,"href":"https:\/\/saxsim.ee\/swp\/wp-json\/wp\/v2\/product_tag?post=8197"}],"curies":[{"name":"wp","href":"https:\/\/api.w.org\/{rel}","templated":true}]}}