{"id":8156,"date":"2020-12-09T17:06:31","date_gmt":"2020-12-09T15:06:31","guid":{"rendered":"https:\/\/www.saxsim.ee\/?post_type=product&#038;p=8156"},"modified":"2026-02-11T08:22:25","modified_gmt":"2026-02-11T06:22:25","slug":"marco-zero-shaver-pardel","status":"publish","type":"product","link":"https:\/\/saxsim.ee\/swp\/product\/marco-zero-shaver-pardel\/","title":{"rendered":"Marco Zero Shaver &#8211; pardel"},"content":{"rendered":"<p>Kerge, juhtmega\/juhtmeta pardel.<\/p>\n<p><span class=\"VIiyi\" lang=\"et\"><span class=\"JLqJ4b ChMk0b\">Barburys Marco Zero pardel on \u00fclim viimistlusvahend juuste ja kaelajoone puhastamiseks ning turritavate karvade eemaldamiseks. Kuld-titaanist h\u00fcpoallergilisel v\u00f5rgul <\/span><span class=\"JLqJ4b ChMk0b\">on suuremad v\u00f5rguavad, mis v\u00f5imaldavad h\u00f5lpsamat raseerimist ja hoiavad \u00e4ra avade ummistamise. T<\/span><span class=\"JLqJ4b ChMk0b\">\u00e4nu kuld-titaanist v\u00f5rgu h\u00fcpoallergilistele omadustele on naha\u00e4rrituste v\u00f5i sissekasvanud karvade tekkimise v\u00f5imalus v\u00e4iksem.<\/span> <\/span><\/p>\n<p><strong>Tehnilised andmed:<\/strong><\/p>\n<p>elektriv\u00f5rgu toide &#8211; 100-240 V, 50\u201360 Hz, 0,2A<br \/>\nvastupidav Li-Ion aku<br \/>\nakutoitel t\u00f6\u00f6tab &#8211; 60 min. <span class=\"VIiyi\" lang=\"et\"><span class=\"JLqJ4b ChMk0b\">( keskmisel re\u017eiimil )<br \/>\naku laadimisaeg &#8211;\u00a0 90 min.<br \/>\n2 kiirust &#8211; 8000 p\/min ( keskmisel re\u017eiimil ), 10000 p\/min ( kiirel re\u017eiimil )<\/span> <\/span><br \/>\nroostevabast terasest l\u00f5iketera<br \/>\nkuld-titaanist h\u00fcpoallergiline v\u00f5rk<br \/>\nUSB-laadija<br \/>\nkaal &#8211; 138 g. ilma juhtmeta<br \/>\nkomplektis on pintsel, kott ja tera kaitse<br \/>\njuhe &#8211; u. 1 m.<\/p>\n","protected":false},"excerpt":{"rendered":"<p>Kerge, juhtmega\/juhtmeta pardel. Barburys Marco Zero pardel on \u00fclim viimistlusvahend juuste ja kaelajoone puhastamiseks ning turritavate karvade eemaldamiseks. Kuld-titaanist h\u00fcpoallergilisel v\u00f5rgul on suuremad v\u00f5rguavad, mis v\u00f5imaldavad h\u00f5lpsamat raseerimist ja hoiavad \u00e4ra avade ummistamise. T\u00e4nu kuld-titaanist v\u00f5rgu h\u00fcpoallergilistele omadustele on naha\u00e4rrituste v\u00f5i sissekasvanud karvade tekkimise v\u00f5imalus v\u00e4iksem. Tehnilised andmed: elektriv\u00f5rgu toide &#8211; 100-240 V, 50\u201360 Hz, [&hellip;]<\/p>\n","protected":false},"featured_media":8157,"comment_status":"closed","ping_status":"closed","template":"","meta":[],"product_cat":[702,401,280,286],"product_tag":[],"class_list":{"0":"post-8156","1":"product","2":"type-product","3":"status-publish","4":"has-post-thumbnail","6":"product_cat-barburys","7":"product_cat-juuksuri-tarvikud","8":"product_cat-elektrilised-toovahendid","9":"product_cat-loikusmasinad-ja-trimmerid","11":"first","12":"instock","13":"taxable","14":"shipping-taxable","15":"purchasable","16":"product-type-simple"},"_links":{"self":[{"href":"https:\/\/saxsim.ee\/swp\/wp-json\/wp\/v2\/product\/8156"}],"collection":[{"href":"https:\/\/saxsim.ee\/swp\/wp-json\/wp\/v2\/product"}],"about":[{"href":"https:\/\/saxsim.ee\/swp\/wp-json\/wp\/v2\/types\/product"}],"replies":[{"embeddable":true,"href":"https:\/\/saxsim.ee\/swp\/wp-json\/wp\/v2\/comments?post=8156"}],"wp:featuredmedia":[{"embeddable":true,"href":"https:\/\/saxsim.ee\/swp\/wp-json\/wp\/v2\/media\/8157"}],"wp:attachment":[{"href":"https:\/\/saxsim.ee\/swp\/wp-json\/wp\/v2\/media?parent=8156"}],"wp:term":[{"taxonomy":"product_cat","embeddable":true,"href":"https:\/\/saxsim.ee\/swp\/wp-json\/wp\/v2\/product_cat?post=8156"},{"taxonomy":"product_tag","embeddable":true,"href":"https:\/\/saxsim.ee\/swp\/wp-json\/wp\/v2\/product_tag?post=8156"}],"curies":[{"name":"wp","href":"https:\/\/api.w.org\/{rel}","templated":true}]}}