{"id":8133,"date":"2020-12-07T18:56:19","date_gmt":"2020-12-07T16:56:19","guid":{"rendered":"https:\/\/www.saxsim.ee\/?post_type=product&#038;p=8133"},"modified":"2024-03-08T07:31:44","modified_gmt":"2024-03-08T05:31:44","slug":"facepro-standard-naokaitse-50-tk","status":"publish","type":"product","link":"https:\/\/saxsim.ee\/swp\/product\/facepro-standard-naokaitse-50-tk\/","title":{"rendered":"Facepro Standard &#8211; n\u00e4okaitse, 50 tk."},"content":{"rendered":"<p>\u00dchekordne toode n\u00e4o kaitsmiseks. Hoiab \u00e4ra l\u00f5igatud juuste ja viimistlusainete sattumise n\u00e4ole, silmadesse ja ninna. Toodet saab kasutada ka v\u00e4rvimisel\/triibutamisel salkude eraldamiseks. Toode on tehtud pehmest l\u00e4bipaistvast materjalist, millel on kitsas nahas\u00f5bralik liimiriba.<\/p>\n<p>Toode on dermatoloogiliselt ja kosmeetiliselt testitud.<\/p>\n<p>Materjal &#8211; PET materjal<\/p>\n<p>M\u00f5\u00f5dud &#8211; 9 x 19,4 cm<\/p>\n<p>Pakis &#8211; 50 tk.<\/p>\n<p>NB! Toodet on v\u00f5imalik osta ka 100% orgaanilisest materjalist.<\/p>\n","protected":false},"excerpt":{"rendered":"<p>\u00dchekordne toode n\u00e4o kaitsmiseks. Hoiab \u00e4ra l\u00f5igatud juuste ja viimistlusainete sattumise n\u00e4ole, silmadesse ja ninna. Toodet saab kasutada ka v\u00e4rvimisel\/triibutamisel salkude eraldamiseks. Toode on tehtud pehmest l\u00e4bipaistvast materjalist, millel on kitsas nahas\u00f5bralik liimiriba. Toode on dermatoloogiliselt ja kosmeetiliselt testitud. Materjal &#8211; PET materjal M\u00f5\u00f5dud &#8211; 9 x 19,4 cm Pakis &#8211; 50 tk. NB! Toodet [&hellip;]<\/p>\n","protected":false},"featured_media":8134,"comment_status":"closed","ping_status":"closed","template":"","meta":[],"product_cat":[577,583,401,291,761],"product_tag":[],"class_list":{"0":"post-8133","1":"product","2":"type-product","3":"status-publish","4":"has-post-thumbnail","6":"product_cat-iluteenindaja-tarvikud","7":"product_cat-uhekordsed-tooted-iluteenindaja-tarvikud","8":"product_cat-juuksuri-tarvikud","9":"product_cat-uhekordsed-tooted","10":"product_cat-salgutamise-abivahendid","12":"first","13":"instock","14":"taxable","15":"shipping-taxable","16":"purchasable","17":"product-type-simple"},"_links":{"self":[{"href":"https:\/\/saxsim.ee\/swp\/wp-json\/wp\/v2\/product\/8133"}],"collection":[{"href":"https:\/\/saxsim.ee\/swp\/wp-json\/wp\/v2\/product"}],"about":[{"href":"https:\/\/saxsim.ee\/swp\/wp-json\/wp\/v2\/types\/product"}],"replies":[{"embeddable":true,"href":"https:\/\/saxsim.ee\/swp\/wp-json\/wp\/v2\/comments?post=8133"}],"wp:featuredmedia":[{"embeddable":true,"href":"https:\/\/saxsim.ee\/swp\/wp-json\/wp\/v2\/media\/8134"}],"wp:attachment":[{"href":"https:\/\/saxsim.ee\/swp\/wp-json\/wp\/v2\/media?parent=8133"}],"wp:term":[{"taxonomy":"product_cat","embeddable":true,"href":"https:\/\/saxsim.ee\/swp\/wp-json\/wp\/v2\/product_cat?post=8133"},{"taxonomy":"product_tag","embeddable":true,"href":"https:\/\/saxsim.ee\/swp\/wp-json\/wp\/v2\/product_tag?post=8133"}],"curies":[{"name":"wp","href":"https:\/\/api.w.org\/{rel}","templated":true}]}}