{"id":8116,"date":"2020-12-01T21:31:07","date_gmt":"2020-12-01T19:31:07","guid":{"rendered":"https:\/\/www.saxsim.ee\/?post_type=product&#038;p=8116"},"modified":"2022-06-19T10:17:49","modified_gmt":"2022-06-19T07:17:49","slug":"barber-chair-lord-klienditool","status":"publish","type":"product","link":"https:\/\/saxsim.ee\/swp\/product\/barber-chair-lord-klienditool\/","title":{"rendered":"Barber Chair, Lord &#8211; klienditool"},"content":{"rendered":"<p>Kaasaegse disainiga,\u00a0 <span class=\"VIiyi\" lang=\"et\"><span class=\"JLqJ4b ChMk0b\">kunstnahast kattega <\/span><\/span>juuksuri klienditool. Toolil on kroomitud <span class=\"VIiyi\" lang=\"et\"><span class=\"JLqJ4b ChMk0b\">k\u00e4etoed,<\/span> <span class=\"JLqJ4b ChMk0b\">kallutatav seljatugi ( kuni 140 \u00b0 ), reguleeritav <\/span><span class=\"JLqJ4b ChMk0b\">peatugi (v\u00e4ljat\u00f5mmatav kuni 20 cm),<\/span> <span class=\"JLqJ4b ChMk0b\">reguleeritava k\u00f5rgusega ja\u00a0 istumisasendi stopperiga <\/span><span class=\"JLqJ4b ChMk0b\">h\u00fcdrauliline pump.<\/span><\/span><\/p>\n<p>Toote omadused:<br \/>\n&#8211; v\u00e4rv: must<br \/>\n&#8211; metallist \u00fcmmarguse p\u00f5hjaga jalg <span class=\"VIiyi\" lang=\"et\"><span class=\"JLqJ4b ChMk0b\">(\u00d8 57 cm)<\/span><\/span><br \/>\n&#8211; stopperiga h\u00fcdrauliline pump<br \/>\n&#8211; reguleeritav k\u00f5rgus: 50 &#8211; 65 cm<br \/>\n&#8211; m\u00f5\u00f5dud: <span class=\"VIiyi\" lang=\"et\"><span class=\"JLqJ4b ChMk0b\">66 x 90-130 x 116-131 cm ( L x S x K )<br \/>\n&#8211; kandev\u00f5ime: max. 200 kg<\/span><\/span><\/p>\n","protected":false},"excerpt":{"rendered":"<p>Kaasaegse disainiga,\u00a0 kunstnahast kattega juuksuri klienditool. Toolil on kroomitud k\u00e4etoed, kallutatav seljatugi ( kuni 140 \u00b0 ), reguleeritav peatugi (v\u00e4ljat\u00f5mmatav kuni 20 cm), reguleeritava k\u00f5rgusega ja\u00a0 istumisasendi stopperiga h\u00fcdrauliline pump. Toote omadused: &#8211; v\u00e4rv: must &#8211; metallist \u00fcmmarguse p\u00f5hjaga jalg (\u00d8 57 cm) &#8211; stopperiga h\u00fcdrauliline pump &#8211; reguleeritav k\u00f5rgus: 50 &#8211; 65 cm &#8211; [&hellip;]<\/p>\n","protected":false},"featured_media":8117,"comment_status":"closed","ping_status":"closed","template":"","meta":[],"product_cat":[325,369,401],"product_tag":[],"class_list":{"0":"post-8116","1":"product","2":"type-product","3":"status-publish","4":"has-post-thumbnail","6":"product_cat-juuksuri-ja-ilusalongi-sisustus","7":"product_cat-klienditoolid","8":"product_cat-juuksuri-tarvikud","10":"first","11":"instock","12":"taxable","13":"shipping-taxable","14":"purchasable","15":"product-type-simple"},"_links":{"self":[{"href":"https:\/\/saxsim.ee\/swp\/wp-json\/wp\/v2\/product\/8116"}],"collection":[{"href":"https:\/\/saxsim.ee\/swp\/wp-json\/wp\/v2\/product"}],"about":[{"href":"https:\/\/saxsim.ee\/swp\/wp-json\/wp\/v2\/types\/product"}],"replies":[{"embeddable":true,"href":"https:\/\/saxsim.ee\/swp\/wp-json\/wp\/v2\/comments?post=8116"}],"wp:featuredmedia":[{"embeddable":true,"href":"https:\/\/saxsim.ee\/swp\/wp-json\/wp\/v2\/media\/8117"}],"wp:attachment":[{"href":"https:\/\/saxsim.ee\/swp\/wp-json\/wp\/v2\/media?parent=8116"}],"wp:term":[{"taxonomy":"product_cat","embeddable":true,"href":"https:\/\/saxsim.ee\/swp\/wp-json\/wp\/v2\/product_cat?post=8116"},{"taxonomy":"product_tag","embeddable":true,"href":"https:\/\/saxsim.ee\/swp\/wp-json\/wp\/v2\/product_tag?post=8116"}],"curies":[{"name":"wp","href":"https:\/\/api.w.org\/{rel}","templated":true}]}}