{"id":8106,"date":"2020-11-27T10:25:29","date_gmt":"2020-11-27T08:25:29","guid":{"rendered":"https:\/\/www.saxsim.ee\/?post_type=product&#038;p=8106"},"modified":"2026-03-17T08:29:54","modified_gmt":"2026-03-17T06:29:54","slug":"registreerimisraamat-sim","status":"publish","type":"product","link":"https:\/\/saxsim.ee\/swp\/product\/registreerimisraamat-sim\/","title":{"rendered":"Registreerimisraamat &#8211; Sim"},"content":{"rendered":"<p>Spiraalk\u00f6ites registreerimisraamat.<\/p>\n<p>&#8211; tugevdatud kaaned<br \/>\n&#8211; 100 lehte = 200 lehek\u00fclge<br \/>\n&#8211; \u00fchel lehek\u00fcljel 4 tulpa<br \/>\n&#8211; kellaajad 9.00\u201320.00, intervall 15 min.<br \/>\n&#8211; tulba alguses lahter kuup\u00e4eva\/nime jaoks<\/p>\n","protected":false},"excerpt":{"rendered":"<p>Spiraalk\u00f6ites registreerimisraamat. &#8211; tugevdatud kaaned &#8211; 100 lehte = 200 lehek\u00fclge &#8211; \u00fchel lehek\u00fcljel 4 tulpa &#8211; kellaajad 9.00\u201320.00, intervall 15 min. &#8211; tulba alguses lahter kuup\u00e4eva\/nime jaoks<\/p>\n","protected":false},"featured_media":8107,"comment_status":"closed","ping_status":"closed","template":"","meta":[],"product_cat":[368,577,597,401],"product_tag":[],"class_list":{"0":"post-8106","1":"product","2":"type-product","3":"status-publish","4":"has-post-thumbnail","6":"product_cat-registreerimisraamatud","7":"product_cat-iluteenindaja-tarvikud","8":"product_cat-registreerimisraamatud-iluteenindaja-tarvikud","9":"product_cat-juuksuri-tarvikud","11":"first","12":"outofstock","13":"taxable","14":"shipping-taxable","15":"purchasable","16":"product-type-simple"},"_links":{"self":[{"href":"https:\/\/saxsim.ee\/swp\/wp-json\/wp\/v2\/product\/8106"}],"collection":[{"href":"https:\/\/saxsim.ee\/swp\/wp-json\/wp\/v2\/product"}],"about":[{"href":"https:\/\/saxsim.ee\/swp\/wp-json\/wp\/v2\/types\/product"}],"replies":[{"embeddable":true,"href":"https:\/\/saxsim.ee\/swp\/wp-json\/wp\/v2\/comments?post=8106"}],"wp:featuredmedia":[{"embeddable":true,"href":"https:\/\/saxsim.ee\/swp\/wp-json\/wp\/v2\/media\/8107"}],"wp:attachment":[{"href":"https:\/\/saxsim.ee\/swp\/wp-json\/wp\/v2\/media?parent=8106"}],"wp:term":[{"taxonomy":"product_cat","embeddable":true,"href":"https:\/\/saxsim.ee\/swp\/wp-json\/wp\/v2\/product_cat?post=8106"},{"taxonomy":"product_tag","embeddable":true,"href":"https:\/\/saxsim.ee\/swp\/wp-json\/wp\/v2\/product_tag?post=8106"}],"curies":[{"name":"wp","href":"https:\/\/api.w.org\/{rel}","templated":true}]}}