{"id":8090,"date":"2020-11-26T14:26:41","date_gmt":"2020-11-26T12:26:41","guid":{"rendered":"https:\/\/www.saxsim.ee\/?post_type=product&#038;p=8090"},"modified":"2020-11-26T21:56:56","modified_gmt":"2020-11-26T19:56:56","slug":"adjustable-mask-mate-reguleeritav-silikoonpael-naomaskile-1-tk","status":"publish","type":"product","link":"https:\/\/saxsim.ee\/swp\/product\/adjustable-mask-mate-reguleeritav-silikoonpael-naomaskile-1-tk\/","title":{"rendered":"Adjustable Mask Mate &#8211; reguleeritav silikoonpael n\u00e4omaskile, 1 tk."},"content":{"rendered":"<p>Nahas\u00f5bralikust materjalist valmistatud reguleeritav silikoonpael n\u00e4omaskile.<br \/>\nV\u00f5imaldab kanda n\u00e4omaski nii, et k\u00f5rvadele ei avaldata survet.<br \/>\nMaski kandvale kliendile on v\u00f5imalik teostada juuksel\u00f5ikust v\u00f5i habeme raseerimist.<\/p>\n","protected":false},"excerpt":{"rendered":"<p>Nahas\u00f5bralikust materjalist valmistatud reguleeritav silikoonpael n\u00e4omaskile. V\u00f5imaldab kanda n\u00e4omaski nii, et k\u00f5rvadele ei avaldata survet. Maski kandvale kliendile on v\u00f5imalik teostada juuksel\u00f5ikust v\u00f5i habeme raseerimist.<\/p>\n","protected":false},"featured_media":8096,"comment_status":"closed","ping_status":"closed","template":"","meta":[],"product_cat":[577,583,762],"product_tag":[],"class_list":{"0":"post-8090","1":"product","2":"type-product","3":"status-publish","4":"has-post-thumbnail","6":"product_cat-iluteenindaja-tarvikud","7":"product_cat-uhekordsed-tooted-iluteenindaja-tarvikud","8":"product_cat-lisatarvikud","10":"first","11":"instock","12":"taxable","13":"shipping-taxable","14":"purchasable","15":"product-type-simple"},"_links":{"self":[{"href":"https:\/\/saxsim.ee\/swp\/wp-json\/wp\/v2\/product\/8090"}],"collection":[{"href":"https:\/\/saxsim.ee\/swp\/wp-json\/wp\/v2\/product"}],"about":[{"href":"https:\/\/saxsim.ee\/swp\/wp-json\/wp\/v2\/types\/product"}],"replies":[{"embeddable":true,"href":"https:\/\/saxsim.ee\/swp\/wp-json\/wp\/v2\/comments?post=8090"}],"wp:featuredmedia":[{"embeddable":true,"href":"https:\/\/saxsim.ee\/swp\/wp-json\/wp\/v2\/media\/8096"}],"wp:attachment":[{"href":"https:\/\/saxsim.ee\/swp\/wp-json\/wp\/v2\/media?parent=8090"}],"wp:term":[{"taxonomy":"product_cat","embeddable":true,"href":"https:\/\/saxsim.ee\/swp\/wp-json\/wp\/v2\/product_cat?post=8090"},{"taxonomy":"product_tag","embeddable":true,"href":"https:\/\/saxsim.ee\/swp\/wp-json\/wp\/v2\/product_tag?post=8090"}],"curies":[{"name":"wp","href":"https:\/\/api.w.org\/{rel}","templated":true}]}}