{"id":8087,"date":"2020-11-26T14:18:08","date_gmt":"2020-11-26T12:18:08","guid":{"rendered":"https:\/\/www.saxsim.ee\/?post_type=product&#038;p=8087"},"modified":"2025-11-12T09:55:15","modified_gmt":"2025-11-12T07:55:15","slug":"separation-comb-pink-salgutamise-kamm","status":"publish","type":"product","link":"https:\/\/saxsim.ee\/swp\/product\/separation-comb-pink-salgutamise-kamm\/","title":{"rendered":"Separation Comb, Pink &#8211; salgutamise kamm"},"content":{"rendered":"<div class=\"intro\">\n<p><span class=\"VIiyi\" lang=\"et\"><span class=\"JLqJ4b ChMk0b\">Kerge, mugav, innovaatiline, metallsabaga kamm v\u00e4iksemate salkude eraldamiseks.<br \/>\nAntistaatiliste omadustega kammil on t\u00e4iesti sile pind, mis tagab hea libisemise l\u00e4bi juuste ja ennetab lendlevaid juukseid. V\u00e4\u00e4ndumiskindel kamm on samas elastne, vastupidav kemikaalidele ja kuumusele.<br \/>\nSeparation Comb v\u00e4hendab tunduvalt salgutamise t\u00f6\u00f6aega.<\/span><\/span><\/p>\n<p>Pikkus &#8211; 26,0\u00a0cm.<\/p>\n<\/div>\n","protected":false},"excerpt":{"rendered":"<p>Kerge, mugav, innovaatiline, metallsabaga kamm v\u00e4iksemate salkude eraldamiseks. Antistaatiliste omadustega kammil on t\u00e4iesti sile pind, mis tagab hea libisemise l\u00e4bi juuste ja ennetab lendlevaid juukseid. V\u00e4\u00e4ndumiskindel kamm on samas elastne, vastupidav kemikaalidele ja kuumusele. Separation Comb v\u00e4hendab tunduvalt salgutamise t\u00f6\u00f6aega. Pikkus &#8211; 26,0\u00a0cm.<\/p>\n","protected":false},"featured_media":0,"comment_status":"closed","ping_status":"closed","template":"","meta":[],"product_cat":[401,173,614,761],"product_tag":[],"class_list":{"0":"post-8087","1":"product","2":"type-product","3":"status-publish","5":"product_cat-juuksuri-tarvikud","6":"product_cat-kammid","7":"product_cat-muud-kammid","8":"product_cat-salgutamise-abivahendid","10":"first","11":"instock","12":"taxable","13":"shipping-taxable","14":"purchasable","15":"product-type-simple"},"_links":{"self":[{"href":"https:\/\/saxsim.ee\/swp\/wp-json\/wp\/v2\/product\/8087"}],"collection":[{"href":"https:\/\/saxsim.ee\/swp\/wp-json\/wp\/v2\/product"}],"about":[{"href":"https:\/\/saxsim.ee\/swp\/wp-json\/wp\/v2\/types\/product"}],"replies":[{"embeddable":true,"href":"https:\/\/saxsim.ee\/swp\/wp-json\/wp\/v2\/comments?post=8087"}],"wp:attachment":[{"href":"https:\/\/saxsim.ee\/swp\/wp-json\/wp\/v2\/media?parent=8087"}],"wp:term":[{"taxonomy":"product_cat","embeddable":true,"href":"https:\/\/saxsim.ee\/swp\/wp-json\/wp\/v2\/product_cat?post=8087"},{"taxonomy":"product_tag","embeddable":true,"href":"https:\/\/saxsim.ee\/swp\/wp-json\/wp\/v2\/product_tag?post=8087"}],"curies":[{"name":"wp","href":"https:\/\/api.w.org\/{rel}","templated":true}]}}