{"id":8072,"date":"2020-11-20T10:06:28","date_gmt":"2020-11-20T08:06:28","guid":{"rendered":"https:\/\/www.saxsim.ee\/?post_type=product&#038;p=8072"},"modified":"2024-01-06T08:34:39","modified_gmt":"2024-01-06T06:34:39","slug":"sensido-nordic-shades-color-chart-sensido-varvikaardi-lisaleht","status":"publish","type":"product","link":"https:\/\/saxsim.ee\/swp\/product\/sensido-nordic-shades-color-chart-sensido-varvikaardi-lisaleht\/","title":{"rendered":"SensiDO Nordic Shades Color Chart &#8211; SensiDO v\u00e4rvikaardi lisaleht"},"content":{"rendered":"<p>SensiDO Nordic Shades Color Chart v\u00e4rvikaardi lisalehel on 10 uut v\u00e4rvitooni.<\/p>\n<p>Lisalehte saab lisada SensiDO Color Chart v\u00e4rvikaardile.<\/p>\n","protected":false},"excerpt":{"rendered":"<p>SensiDO Nordic Shades Color Chart v\u00e4rvikaardi lisalehel on 10 uut v\u00e4rvitooni. Lisalehte saab lisada SensiDO Color Chart v\u00e4rvikaardile.<\/p>\n","protected":false},"featured_media":8073,"comment_status":"closed","ping_status":"closed","template":"","meta":[],"product_cat":[395,95,246],"product_tag":[637],"class_list":{"0":"post-8072","1":"product","2":"type-product","3":"status-publish","4":"has-post-thumbnail","6":"product_cat-juuksed","7":"product_cat-sensido-juuksevarvid","8":"product_cat-sensido-lisatooted","9":"product_tag-profitoode","11":"first","12":"instock","13":"taxable","14":"shipping-taxable","15":"purchasable","16":"product-type-simple"},"_links":{"self":[{"href":"https:\/\/saxsim.ee\/swp\/wp-json\/wp\/v2\/product\/8072"}],"collection":[{"href":"https:\/\/saxsim.ee\/swp\/wp-json\/wp\/v2\/product"}],"about":[{"href":"https:\/\/saxsim.ee\/swp\/wp-json\/wp\/v2\/types\/product"}],"replies":[{"embeddable":true,"href":"https:\/\/saxsim.ee\/swp\/wp-json\/wp\/v2\/comments?post=8072"}],"wp:featuredmedia":[{"embeddable":true,"href":"https:\/\/saxsim.ee\/swp\/wp-json\/wp\/v2\/media\/8073"}],"wp:attachment":[{"href":"https:\/\/saxsim.ee\/swp\/wp-json\/wp\/v2\/media?parent=8072"}],"wp:term":[{"taxonomy":"product_cat","embeddable":true,"href":"https:\/\/saxsim.ee\/swp\/wp-json\/wp\/v2\/product_cat?post=8072"},{"taxonomy":"product_tag","embeddable":true,"href":"https:\/\/saxsim.ee\/swp\/wp-json\/wp\/v2\/product_tag?post=8072"}],"curies":[{"name":"wp","href":"https:\/\/api.w.org\/{rel}","templated":true}]}}