{"id":8067,"date":"2020-11-20T08:20:23","date_gmt":"2020-11-20T06:20:23","guid":{"rendered":"https:\/\/www.saxsim.ee\/?post_type=product&#038;p=8067"},"modified":"2025-10-18T11:46:44","modified_gmt":"2025-10-18T08:46:44","slug":"babyliss-pro-moonlight-duo-rullfoon","status":"publish","type":"product","link":"https:\/\/saxsim.ee\/swp\/product\/babyliss-pro-moonlight-duo-rullfoon\/","title":{"rendered":"BaByliss Pro Moonlight Duo &#8211; rullf\u00f6\u00f6n"},"content":{"rendered":"<p>Kahe vahetatava otsikuga rullf\u00f6\u00f6n.<\/p>\n<p><strong>Tehnilised andmed:<\/strong><\/p>\n<p>v\u00f5imsus &#8211; 300 W<br \/>\npehmete elastsete harjastega otsik &#8211; 25 mm<br \/>\npehmete elastsete harjastega otsik &#8211; 32 mm<br \/>\notsikutel mittekuumenev ots<br \/>\n2 temperatuuri\/kiiruse astet<br \/>\np\u00f6\u00f6rlev juhe &#8211; 2,5 m<br \/>\nkaal &#8211; 350 g. ( koos juhtmega )<br \/>\nm\u00f5\u00f5dud &#8211; u. 36 cm x 5 cm x 5 cm<\/p>\n","protected":false},"excerpt":{"rendered":"<p>Kahe vahetatava otsikuga rullf\u00f6\u00f6n. Tehnilised andmed: v\u00f5imsus &#8211; 300 W pehmete elastsete harjastega otsik &#8211; 25 mm pehmete elastsete harjastega otsik &#8211; 32 mm otsikutel mittekuumenev ots 2 temperatuuri\/kiiruse astet p\u00f6\u00f6rlev juhe &#8211; 2,5 m kaal &#8211; 350 g. ( koos juhtmega ) m\u00f5\u00f5dud &#8211; u. 36 cm x 5 cm x 5 cm<\/p>\n","protected":false},"featured_media":8068,"comment_status":"closed","ping_status":"closed","template":"","meta":[],"product_cat":[401,280,593],"product_tag":[],"class_list":{"0":"post-8067","1":"product","2":"type-product","3":"status-publish","4":"has-post-thumbnail","6":"product_cat-juuksuri-tarvikud","7":"product_cat-elektrilised-toovahendid","8":"product_cat-rullfoonid","10":"first","11":"instock","12":"taxable","13":"shipping-taxable","14":"purchasable","15":"product-type-simple"},"_links":{"self":[{"href":"https:\/\/saxsim.ee\/swp\/wp-json\/wp\/v2\/product\/8067"}],"collection":[{"href":"https:\/\/saxsim.ee\/swp\/wp-json\/wp\/v2\/product"}],"about":[{"href":"https:\/\/saxsim.ee\/swp\/wp-json\/wp\/v2\/types\/product"}],"replies":[{"embeddable":true,"href":"https:\/\/saxsim.ee\/swp\/wp-json\/wp\/v2\/comments?post=8067"}],"wp:featuredmedia":[{"embeddable":true,"href":"https:\/\/saxsim.ee\/swp\/wp-json\/wp\/v2\/media\/8068"}],"wp:attachment":[{"href":"https:\/\/saxsim.ee\/swp\/wp-json\/wp\/v2\/media?parent=8067"}],"wp:term":[{"taxonomy":"product_cat","embeddable":true,"href":"https:\/\/saxsim.ee\/swp\/wp-json\/wp\/v2\/product_cat?post=8067"},{"taxonomy":"product_tag","embeddable":true,"href":"https:\/\/saxsim.ee\/swp\/wp-json\/wp\/v2\/product_tag?post=8067"}],"curies":[{"name":"wp","href":"https:\/\/api.w.org\/{rel}","templated":true}]}}