{"id":8030,"date":"2020-11-06T13:47:41","date_gmt":"2020-11-06T11:47:41","guid":{"rendered":"https:\/\/www.saxsim.ee\/?post_type=product&#038;p=8030"},"modified":"2024-03-19T09:57:14","modified_gmt":"2024-03-19T07:57:14","slug":"make-up-brush-cleaner-150-ml-meigipintslite-puhastusvahend","status":"publish","type":"product","link":"https:\/\/saxsim.ee\/swp\/product\/make-up-brush-cleaner-150-ml-meigipintslite-puhastusvahend\/","title":{"rendered":"Make Up Brush Cleaner, 150 ml. &#8211; meigipintslite puhastusvahend"},"content":{"rendered":"<p>Antibakteriaalne Make Up Brush Cleaner on professionaalne toode, mis puhastab ja hooldab meigipintsleid. Toode on veep\u00f5hine, kuivab kiiresti ja ei vaja loputamist. Sobib nii naturaalsete-, kui ka s\u00fcnteetiliste harjastega pintslite puhastamiseks.<\/p>\n<p><u>Kasutamine:<\/u> Pihustage v\u00e4ike kogus harjale ja masseerige harjaseid ettevaatlikult. Kuivatage puhta salvr\u00e4tiga.<\/p>\n<p><strong>OHT!<\/strong> Tuleohtlik vedelik ja aurud. Hoidke toodet eemal kuumusest, kuumenevatest pindadest, s\u00e4demetest, lahtisest leegist ja teistest s\u00fcttivatest ainetest. Mitte suitsetada. \u00c4rge pihustage lahtisesse tulle v\u00f5i teistesse s\u00fc\u00fcteallikatesse. Utiliseerige sisu ja pakend vastavalt kohalikele eeskirjadele.<\/p>\n<p>\u00d5igesti hooldatud t\u00f6\u00f6vahend pikendab tema t\u00f6\u00f6iga.<\/p>\n<p>&nbsp;<\/p>\n","protected":false},"excerpt":{"rendered":"<p>Antibakteriaalne Make Up Brush Cleaner on professionaalne toode, mis puhastab ja hooldab meigipintsleid. Toode on veep\u00f5hine, kuivab kiiresti ja ei vaja loputamist. Sobib nii naturaalsete-, kui ka s\u00fcnteetiliste harjastega pintslite puhastamiseks. Kasutamine: Pihustage v\u00e4ike kogus harjale ja masseerige harjaseid ettevaatlikult. Kuivatage puhta salvr\u00e4tiga. OHT! Tuleohtlik vedelik ja aurud. Hoidke toodet eemal kuumusest, kuumenevatest pindadest, s\u00e4demetest, [&hellip;]<\/p>\n","protected":false},"featured_media":8031,"comment_status":"closed","ping_status":"closed","template":"","meta":[],"product_cat":[577,600],"product_tag":[],"class_list":{"0":"post-8030","1":"product","2":"type-product","3":"status-publish","4":"has-post-thumbnail","6":"product_cat-iluteenindaja-tarvikud","7":"product_cat-puhastus-ja-desinfektsioonivahendid-iluteenindaja-tarvikud","9":"first","10":"instock","11":"taxable","12":"shipping-taxable","13":"purchasable","14":"product-type-simple"},"_links":{"self":[{"href":"https:\/\/saxsim.ee\/swp\/wp-json\/wp\/v2\/product\/8030"}],"collection":[{"href":"https:\/\/saxsim.ee\/swp\/wp-json\/wp\/v2\/product"}],"about":[{"href":"https:\/\/saxsim.ee\/swp\/wp-json\/wp\/v2\/types\/product"}],"replies":[{"embeddable":true,"href":"https:\/\/saxsim.ee\/swp\/wp-json\/wp\/v2\/comments?post=8030"}],"wp:featuredmedia":[{"embeddable":true,"href":"https:\/\/saxsim.ee\/swp\/wp-json\/wp\/v2\/media\/8031"}],"wp:attachment":[{"href":"https:\/\/saxsim.ee\/swp\/wp-json\/wp\/v2\/media?parent=8030"}],"wp:term":[{"taxonomy":"product_cat","embeddable":true,"href":"https:\/\/saxsim.ee\/swp\/wp-json\/wp\/v2\/product_cat?post=8030"},{"taxonomy":"product_tag","embeddable":true,"href":"https:\/\/saxsim.ee\/swp\/wp-json\/wp\/v2\/product_tag?post=8030"}],"curies":[{"name":"wp","href":"https:\/\/api.w.org\/{rel}","templated":true}]}}