{"id":7912,"date":"2020-09-17T08:07:59","date_gmt":"2020-09-17T05:07:59","guid":{"rendered":"https:\/\/www.saxsim.ee\/?post_type=product&#038;p=7912"},"modified":"2025-07-06T10:23:52","modified_gmt":"2025-07-06T07:23:52","slug":"ds-control-wax-50-ml-juuksevaha","status":"publish","type":"product","link":"https:\/\/saxsim.ee\/swp\/product\/ds-control-wax-50-ml-juuksevaha\/","title":{"rendered":"DS Control Wax 50 ml. &#8211; juuksevaha"},"content":{"rendered":"<p><span id=\"result_box\" class=\"\" lang=\"et\">Keskmise tugevusega, l<\/span>\u00f5hnastamata juuksevaha. Lihtne kanda juustesse, annab kontrolli ja v\u00f5imaldab\u00a0 juukseid h\u00f5lpsasti uuesti s\u00e4ttida. Annab juustele ilusa l\u00e4ike, muutmata neid rasvasteks ja kleepuvateks. Sisaldab UV-kaitset. Vegan.<\/p>\n<p><strong><u>Kasutamine:<\/u><\/strong>\u00a0Soojenda\u00a0v\u00e4ike kogus vaha k\u00e4te vahel, kanna niisketesse v\u00f5i kuivadesse juustesse ja vormi soeng.<\/p>\n<p>pH: 6,4<\/p>\n","protected":false},"excerpt":{"rendered":"<p>Keskmise tugevusega, l\u00f5hnastamata juuksevaha. Lihtne kanda juustesse, annab kontrolli ja v\u00f5imaldab\u00a0 juukseid h\u00f5lpsasti uuesti s\u00e4ttida. Annab juustele ilusa l\u00e4ike, muutmata neid rasvasteks ja kleepuvateks. Sisaldab UV-kaitset. Vegan. Kasutamine:\u00a0Soojenda\u00a0v\u00e4ike kogus vaha k\u00e4te vahel, kanna niisketesse v\u00f5i kuivadesse juustesse ja vormi soeng. pH: 6,4<\/p>\n","protected":false},"featured_media":7913,"comment_status":"closed","ping_status":"closed","template":"","meta":[],"product_cat":[728,395,684],"product_tag":[],"class_list":{"0":"post-7912","1":"product","2":"type-product","3":"status-publish","4":"has-post-thumbnail","6":"product_cat-ds","7":"product_cat-juuksed","8":"product_cat-juuksevahad","10":"first","11":"instock","12":"taxable","13":"shipping-taxable","14":"purchasable","15":"product-type-simple"},"_links":{"self":[{"href":"https:\/\/saxsim.ee\/swp\/wp-json\/wp\/v2\/product\/7912"}],"collection":[{"href":"https:\/\/saxsim.ee\/swp\/wp-json\/wp\/v2\/product"}],"about":[{"href":"https:\/\/saxsim.ee\/swp\/wp-json\/wp\/v2\/types\/product"}],"replies":[{"embeddable":true,"href":"https:\/\/saxsim.ee\/swp\/wp-json\/wp\/v2\/comments?post=7912"}],"wp:featuredmedia":[{"embeddable":true,"href":"https:\/\/saxsim.ee\/swp\/wp-json\/wp\/v2\/media\/7913"}],"wp:attachment":[{"href":"https:\/\/saxsim.ee\/swp\/wp-json\/wp\/v2\/media?parent=7912"}],"wp:term":[{"taxonomy":"product_cat","embeddable":true,"href":"https:\/\/saxsim.ee\/swp\/wp-json\/wp\/v2\/product_cat?post=7912"},{"taxonomy":"product_tag","embeddable":true,"href":"https:\/\/saxsim.ee\/swp\/wp-json\/wp\/v2\/product_tag?post=7912"}],"curies":[{"name":"wp","href":"https:\/\/api.w.org\/{rel}","templated":true}]}}