{"id":7794,"date":"2020-08-03T10:41:17","date_gmt":"2020-08-03T07:41:17","guid":{"rendered":"https:\/\/www.saxsim.ee\/?post_type=product&#038;p=7794"},"modified":"2024-01-11T12:20:40","modified_gmt":"2024-01-11T10:20:40","slug":"jaguar-pre-style-ergo-55-loikuskaarid","status":"publish","type":"product","link":"https:\/\/saxsim.ee\/swp\/product\/jaguar-pre-style-ergo-55-loikuskaarid\/","title":{"rendered":"Jaguar Pre Style Ergo 5,5&#8243; &#8211; l\u00f5ikusk\u00e4\u00e4rid"},"content":{"rendered":"<p>L\u00f5ikusk\u00e4\u00e4rid.<\/p>\n<p>&nbsp;<\/p>\n","protected":false},"excerpt":{"rendered":"<p>L\u00f5ikusk\u00e4\u00e4rid. &nbsp;<\/p>\n","protected":false},"featured_media":7795,"comment_status":"closed","ping_status":"closed","template":"","meta":[],"product_cat":[736,401,174,276],"product_tag":[],"class_list":{"0":"post-7794","1":"product","2":"type-product","3":"status-publish","4":"has-post-thumbnail","6":"product_cat-jaguar","7":"product_cat-juuksuri-tarvikud","8":"product_cat-kaarid","9":"product_cat-loikuskaarid","11":"first","12":"instock","13":"taxable","14":"shipping-taxable","15":"purchasable","16":"product-type-simple"},"_links":{"self":[{"href":"https:\/\/saxsim.ee\/swp\/wp-json\/wp\/v2\/product\/7794"}],"collection":[{"href":"https:\/\/saxsim.ee\/swp\/wp-json\/wp\/v2\/product"}],"about":[{"href":"https:\/\/saxsim.ee\/swp\/wp-json\/wp\/v2\/types\/product"}],"replies":[{"embeddable":true,"href":"https:\/\/saxsim.ee\/swp\/wp-json\/wp\/v2\/comments?post=7794"}],"wp:featuredmedia":[{"embeddable":true,"href":"https:\/\/saxsim.ee\/swp\/wp-json\/wp\/v2\/media\/7795"}],"wp:attachment":[{"href":"https:\/\/saxsim.ee\/swp\/wp-json\/wp\/v2\/media?parent=7794"}],"wp:term":[{"taxonomy":"product_cat","embeddable":true,"href":"https:\/\/saxsim.ee\/swp\/wp-json\/wp\/v2\/product_cat?post=7794"},{"taxonomy":"product_tag","embeddable":true,"href":"https:\/\/saxsim.ee\/swp\/wp-json\/wp\/v2\/product_tag?post=7794"}],"curies":[{"name":"wp","href":"https:\/\/api.w.org\/{rel}","templated":true}]}}