{"id":7774,"date":"2020-07-24T16:45:38","date_gmt":"2020-07-24T13:45:38","guid":{"rendered":"https:\/\/www.saxsim.ee\/?post_type=product&#038;p=7774"},"modified":"2024-05-17T09:54:20","modified_gmt":"2024-05-17T06:54:20","slug":"plastic-pedicure-bag-hdpe-pedikuuri-jalavanni-kilekotid-50-tk","status":"publish","type":"product","link":"https:\/\/saxsim.ee\/swp\/product\/plastic-pedicure-bag-hdpe-pedikuuri-jalavanni-kilekotid-50-tk\/","title":{"rendered":"Plastic Pedicure Bag, HDPE &#8211; pedik\u00fc\u00fcri jalavanni kilekotid, 50 tk."},"content":{"rendered":"<p>\u00dchekordsed pedik\u00fc\u00fcri jalavanni kilekotid.<\/p>\n<p><span id=\"result_box\" class=\"\" lang=\"et\">Materjal: HDPE.<\/span><\/p>\n<p><span id=\"result_box\" class=\"\" lang=\"et\"><span class=\"\">V\u00e4rv: v\u00e4rvitu.<\/span><\/span><\/p>\n<p>Suurus &#8211; 51 <span id=\"result_box\" class=\"\" lang=\"et\"><span class=\"\">x 30 x 50 <\/span><\/span>cm.<\/p>\n<p>Pakis &#8211; 50 tk.<\/p>\n<p>&nbsp;<\/p>\n<p>&nbsp;<\/p>\n<p>&nbsp;<\/p>\n","protected":false},"excerpt":{"rendered":"<p>\u00dchekordsed pedik\u00fc\u00fcri jalavanni kilekotid. Materjal: HDPE. V\u00e4rv: v\u00e4rvitu. Suurus &#8211; 51 x 30 x 50 cm. Pakis &#8211; 50 tk. &nbsp; &nbsp; &nbsp;<\/p>\n","protected":false},"featured_media":7775,"comment_status":"closed","ping_status":"closed","template":"","meta":[],"product_cat":[577,583],"product_tag":[],"class_list":{"0":"post-7774","1":"product","2":"type-product","3":"status-publish","4":"has-post-thumbnail","6":"product_cat-iluteenindaja-tarvikud","7":"product_cat-uhekordsed-tooted-iluteenindaja-tarvikud","9":"first","10":"instock","11":"taxable","12":"shipping-taxable","13":"purchasable","14":"product-type-simple"},"_links":{"self":[{"href":"https:\/\/saxsim.ee\/swp\/wp-json\/wp\/v2\/product\/7774"}],"collection":[{"href":"https:\/\/saxsim.ee\/swp\/wp-json\/wp\/v2\/product"}],"about":[{"href":"https:\/\/saxsim.ee\/swp\/wp-json\/wp\/v2\/types\/product"}],"replies":[{"embeddable":true,"href":"https:\/\/saxsim.ee\/swp\/wp-json\/wp\/v2\/comments?post=7774"}],"wp:featuredmedia":[{"embeddable":true,"href":"https:\/\/saxsim.ee\/swp\/wp-json\/wp\/v2\/media\/7775"}],"wp:attachment":[{"href":"https:\/\/saxsim.ee\/swp\/wp-json\/wp\/v2\/media?parent=7774"}],"wp:term":[{"taxonomy":"product_cat","embeddable":true,"href":"https:\/\/saxsim.ee\/swp\/wp-json\/wp\/v2\/product_cat?post=7774"},{"taxonomy":"product_tag","embeddable":true,"href":"https:\/\/saxsim.ee\/swp\/wp-json\/wp\/v2\/product_tag?post=7774"}],"curies":[{"name":"wp","href":"https:\/\/api.w.org\/{rel}","templated":true}]}}